{"id":3672,"date":"2022-07-01T12:07:13","date_gmt":"2022-07-01T10:07:13","guid":{"rendered":"https:\/\/www.le-regal.eu\/?page_id=3672"},"modified":"2022-07-01T12:16:55","modified_gmt":"2022-07-01T10:16:55","slug":"store-service-trays","status":"publish","type":"page","link":"https:\/\/www.le-regal.eu\/en\/store-service-trays\/","title":{"rendered":"Store &#8211; Service trays"},"content":{"rendered":"<p>[et_pb_section fb_built=&#8221;1&#8243; _builder_version=&#8221;4.9.4&#8243; background_image=&#8221;https:\/\/www.le-regal.eu\/wp-content\/uploads\/2022\/05\/Nouveautes-2022-La-Ronde-et-Piedestal-En-pre-commande-min.jpg&#8221; background_blend=&#8221;multiply&#8221; custom_padding=&#8221;0|0px|0|0px|true|false&#8221;][et_pb_row _builder_version=&#8221;3.25&#8243; background_size=&#8221;initial&#8221; background_position=&#8221;top_left&#8221; background_repeat=&#8221;repeat&#8221;][et_pb_column type=&#8221;4_4&#8243; _builder_version=&#8221;3.25&#8243; custom_padding=&#8221;|||&#8221; custom_padding__hover=&#8221;|||&#8221;][et_pb_post_title meta=&#8221;off&#8221; featured_image=&#8221;off&#8221; _builder_version=&#8221;3.18.7&#8243; title_font=&#8221;Raleway|800|||||||&#8221; title_text_color=&#8221;#f3ebe7&#8243; title_font_size=&#8221;46px&#8221; text_orientation=&#8221;center&#8221; custom_margin=&#8221;463px||&#8221; text_shadow_style=&#8221;preset1&#8243; text_shadow_color=&#8221;rgba(0,0,0,0)&#8221;][\/et_pb_post_title][\/et_pb_column][\/et_pb_row][\/et_pb_section][et_pb_section fb_built=&#8221;1&#8243; _builder_version=&#8221;3.22&#8243;][et_pb_row column_structure=&#8221;2_5,3_5&#8243; _builder_version=&#8221;3.25&#8243;][et_pb_column type=&#8221;2_5&#8243; _builder_version=&#8221;3.25&#8243; custom_padding=&#8221;|||&#8221; custom_padding__hover=&#8221;|||&#8221;][et_pb_text _builder_version=&#8221;4.9.4&#8243; header_font=&#8221;Raleway|800|||||||&#8221; header_text_color=&#8221;#c9ae8f&#8221; header_font_size=&#8221;46px&#8221;]<\/p>\n<h1 style=\"text-align: right;\">Service trays<\/h1>\n<p>[\/et_pb_text][\/et_pb_column][et_pb_column type=&#8221;3_5&#8243; _builder_version=&#8221;3.25&#8243; custom_padding=&#8221;|||&#8221; custom_padding__hover=&#8221;|||&#8221;][et_pb_text _builder_version=&#8221;4.9.4&#8243; text_font=&#8221;||||||||&#8221; text_line_height=&#8221;1.6em&#8221;]<\/p>\n<p>\u201cTo be durable, objects must be well made, but they must also remain simple and even fundamental. Their functionality can then be multiplied and from a single utility we pass to one, two or three potential uses. This versatility guarantees uses over time. Their essentiality makes them timeless\u201d<br \/>Bruno Lefebvre \u2013 Designer<\/p>\n<p>[\/et_pb_text][\/et_pb_column][\/et_pb_row][\/et_pb_section][et_pb_section fb_built=&#8221;1&#8243; _builder_version=&#8221;3.22&#8243; custom_padding=&#8221;0|0px|0|0px|true|false&#8221;][et_pb_row _builder_version=&#8221;3.25&#8243; custom_padding=&#8221;27px|0px|27px|0px|false|false&#8221; filter_hue_rotate__hover_enabled=&#8221;on&#8221;][et_pb_column type=&#8221;4_4&#8243; _builder_version=&#8221;3.25&#8243; custom_padding=&#8221;|||&#8221; custom_padding__hover=&#8221;|||&#8221;][et_pb_shop type=&#8221;product_category&#8221; show_pagination=&#8221;on&#8221; include_categories=&#8221;76&#8243; columns_number=&#8221;3&#8243; orderby=&#8221;price&#8221; sale_badge_color=&#8221;#845d32&#8243; icon_hover_color=&#8221;rgba(0,0,0,0)&#8221; hover_overlay_color=&#8221;rgba(0,0,0,0)&#8221; _builder_version=&#8221;4.9.4&#8243; title_font=&#8221;||||||||&#8221; title_font_size=&#8221;18px&#8221; price_font=&#8221;Raleway|700|||||||&#8221; price_text_color=&#8221;#c9ae8f&#8221; price_font_size=&#8221;15px&#8221; price_line_height=&#8221;6px&#8221; text_orientation=&#8221;center&#8221; filter_saturate=&#8221;99%&#8221; child_mix_blend_mode=&#8221;multiply&#8221; border_width_all_image=&#8221;2px&#8221; border_color_all_image=&#8221;#f3ebe7&#8243; filter_opacity__hover_enabled=&#8221;on&#8221; filter_opacity__hover=&#8221;100%&#8221; filter_saturate__hover_enabled=&#8221;on&#8221; filter_saturate__hover=&#8221;100%&#8221;][\/et_pb_shop][\/et_pb_column][\/et_pb_row][\/et_pb_section]<\/p>\n","protected":false},"excerpt":{"rendered":"<p>Service trays\u201cTo be durable, objects must be well made, but they must also remain simple and even fundamental. Their functionality can then be multiplied and from a single utility we pass to one, two or three potential uses. This versatility guarantees uses over time. Their essentiality makes them timeless\u201dBruno Lefebvre \u2013 Designer<\/p>\n","protected":false},"author":10,"featured_media":0,"parent":0,"menu_order":0,"comment_status":"closed","ping_status":"closed","template":"","meta":{"_acf_changed":false,"_et_pb_use_builder":"on","_et_pb_old_content":"","_et_gb_content_width":"","_mo_disable_npp":"","footnotes":""},"class_list":["post-3672","page","type-page","status-publish","hentry"],"acf":[],"yoast_head":"<!-- This site is optimized with the Yoast SEO plugin v27.2 - https:\/\/yoast.com\/product\/yoast-seo-wordpress\/ -->\n<title>Service trays | Le R\u00e9gal<\/title>\n<meta name=\"description\" content=\"Present your desserts on our Le R\u00e9gal wooden serving trays: La Ronde or La Pi\u00e9destral. They will adapt to any interior.\" \/>\n<meta name=\"robots\" content=\"index, follow, max-snippet:-1, max-image-preview:large, max-video-preview:-1\" \/>\n<link rel=\"canonical\" href=\"https:\/\/www.le-regal.eu\/en\/store-service-trays\/\" \/>\n<meta property=\"og:locale\" content=\"en_US\" \/>\n<meta property=\"og:type\" content=\"article\" \/>\n<meta property=\"og:title\" content=\"Service trays | Le R\u00e9gal\" \/>\n<meta property=\"og:description\" content=\"Present your desserts on our Le R\u00e9gal wooden serving trays: La Ronde or La Pi\u00e9destral. They will adapt to any interior.\" \/>\n<meta property=\"og:url\" content=\"https:\/\/www.le-regal.eu\/en\/store-service-trays\/\" \/>\n<meta property=\"og:site_name\" content=\"Le Regal\" \/>\n<meta property=\"article:modified_time\" content=\"2022-07-01T10:16:55+00:00\" \/>\n<meta name=\"twitter:card\" content=\"summary_large_image\" \/>\n<meta name=\"twitter:label1\" content=\"Est. reading time\" \/>\n\t<meta name=\"twitter:data1\" content=\"2 minutes\" \/>\n<script type=\"application\/ld+json\" class=\"yoast-schema-graph\">{\"@context\":\"https:\/\/schema.org\",\"@graph\":[{\"@type\":\"WebPage\",\"@id\":\"https:\/\/www.le-regal.eu\/en\/store-service-trays\/\",\"url\":\"https:\/\/www.le-regal.eu\/en\/store-service-trays\/\",\"name\":\"Service trays | Le R\u00e9gal\",\"isPartOf\":{\"@id\":\"https:\/\/www.le-regal.eu\/#website\"},\"datePublished\":\"2022-07-01T10:07:13+00:00\",\"dateModified\":\"2022-07-01T10:16:55+00:00\",\"description\":\"Present your desserts on our Le R\u00e9gal wooden serving trays: La Ronde or La Pi\u00e9destral. They will adapt to any interior.\",\"breadcrumb\":{\"@id\":\"https:\/\/www.le-regal.eu\/en\/store-service-trays\/#breadcrumb\"},\"inLanguage\":\"en-US\",\"potentialAction\":[{\"@type\":\"ReadAction\",\"target\":[\"https:\/\/www.le-regal.eu\/en\/store-service-trays\/\"]}]},{\"@type\":\"BreadcrumbList\",\"@id\":\"https:\/\/www.le-regal.eu\/en\/store-service-trays\/#breadcrumb\",\"itemListElement\":[{\"@type\":\"ListItem\",\"position\":1,\"name\":\"Accueil\",\"item\":\"https:\/\/www.le-regal.eu\/en\/\"},{\"@type\":\"ListItem\",\"position\":2,\"name\":\"Store &#8211; Service trays\"}]},{\"@type\":\"WebSite\",\"@id\":\"https:\/\/www.le-regal.eu\/#website\",\"url\":\"https:\/\/www.le-regal.eu\/\",\"name\":\"Le Regal\",\"description\":\"Des ustensiles en bois, au design unique et respectueux de l\u2019environnement pour partager des moments conviviaux de gourmandise fran\u00e7aise.\",\"publisher\":{\"@id\":\"https:\/\/www.le-regal.eu\/#organization\"},\"potentialAction\":[{\"@type\":\"SearchAction\",\"target\":{\"@type\":\"EntryPoint\",\"urlTemplate\":\"https:\/\/www.le-regal.eu\/?s={search_term_string}\"},\"query-input\":{\"@type\":\"PropertyValueSpecification\",\"valueRequired\":true,\"valueName\":\"search_term_string\"}}],\"inLanguage\":\"en-US\"},{\"@type\":\"Organization\",\"@id\":\"https:\/\/www.le-regal.eu\/#organization\",\"name\":\"Le R\u00e9gal\",\"url\":\"https:\/\/www.le-regal.eu\/\",\"logo\":{\"@type\":\"ImageObject\",\"inLanguage\":\"en-US\",\"@id\":\"https:\/\/www.le-regal.eu\/#\/schema\/logo\/image\/\",\"url\":\"https:\/\/www.le-regal.eu\/wp-content\/uploads\/2021\/02\/576-47c413ae1090e1.jpg\",\"contentUrl\":\"https:\/\/www.le-regal.eu\/wp-content\/uploads\/2021\/02\/576-47c413ae1090e1.jpg\",\"width\":316,\"height\":316,\"caption\":\"Le R\u00e9gal\"},\"image\":{\"@id\":\"https:\/\/www.le-regal.eu\/#\/schema\/logo\/image\/\"}}]}<\/script>\n<!-- \/ Yoast SEO plugin. -->","yoast_head_json":{"title":"Service trays | Le R\u00e9gal","description":"Present your desserts on our Le R\u00e9gal wooden serving trays: La Ronde or La Pi\u00e9destral. They will adapt to any interior.","robots":{"index":"index","follow":"follow","max-snippet":"max-snippet:-1","max-image-preview":"max-image-preview:large","max-video-preview":"max-video-preview:-1"},"canonical":"https:\/\/www.le-regal.eu\/en\/store-service-trays\/","og_locale":"en_US","og_type":"article","og_title":"Service trays | Le R\u00e9gal","og_description":"Present your desserts on our Le R\u00e9gal wooden serving trays: La Ronde or La Pi\u00e9destral. They will adapt to any interior.","og_url":"https:\/\/www.le-regal.eu\/en\/store-service-trays\/","og_site_name":"Le Regal","article_modified_time":"2022-07-01T10:16:55+00:00","twitter_card":"summary_large_image","twitter_misc":{"Est. reading time":"2 minutes"},"schema":{"@context":"https:\/\/schema.org","@graph":[{"@type":"WebPage","@id":"https:\/\/www.le-regal.eu\/en\/store-service-trays\/","url":"https:\/\/www.le-regal.eu\/en\/store-service-trays\/","name":"Service trays | Le R\u00e9gal","isPartOf":{"@id":"https:\/\/www.le-regal.eu\/#website"},"datePublished":"2022-07-01T10:07:13+00:00","dateModified":"2022-07-01T10:16:55+00:00","description":"Present your desserts on our Le R\u00e9gal wooden serving trays: La Ronde or La Pi\u00e9destral. They will adapt to any interior.","breadcrumb":{"@id":"https:\/\/www.le-regal.eu\/en\/store-service-trays\/#breadcrumb"},"inLanguage":"en-US","potentialAction":[{"@type":"ReadAction","target":["https:\/\/www.le-regal.eu\/en\/store-service-trays\/"]}]},{"@type":"BreadcrumbList","@id":"https:\/\/www.le-regal.eu\/en\/store-service-trays\/#breadcrumb","itemListElement":[{"@type":"ListItem","position":1,"name":"Accueil","item":"https:\/\/www.le-regal.eu\/en\/"},{"@type":"ListItem","position":2,"name":"Store &#8211; Service trays"}]},{"@type":"WebSite","@id":"https:\/\/www.le-regal.eu\/#website","url":"https:\/\/www.le-regal.eu\/","name":"Le Regal","description":"Des ustensiles en bois, au design unique et respectueux de l\u2019environnement pour partager des moments conviviaux de gourmandise fran\u00e7aise.","publisher":{"@id":"https:\/\/www.le-regal.eu\/#organization"},"potentialAction":[{"@type":"SearchAction","target":{"@type":"EntryPoint","urlTemplate":"https:\/\/www.le-regal.eu\/?s={search_term_string}"},"query-input":{"@type":"PropertyValueSpecification","valueRequired":true,"valueName":"search_term_string"}}],"inLanguage":"en-US"},{"@type":"Organization","@id":"https:\/\/www.le-regal.eu\/#organization","name":"Le R\u00e9gal","url":"https:\/\/www.le-regal.eu\/","logo":{"@type":"ImageObject","inLanguage":"en-US","@id":"https:\/\/www.le-regal.eu\/#\/schema\/logo\/image\/","url":"https:\/\/www.le-regal.eu\/wp-content\/uploads\/2021\/02\/576-47c413ae1090e1.jpg","contentUrl":"https:\/\/www.le-regal.eu\/wp-content\/uploads\/2021\/02\/576-47c413ae1090e1.jpg","width":316,"height":316,"caption":"Le R\u00e9gal"},"image":{"@id":"https:\/\/www.le-regal.eu\/#\/schema\/logo\/image\/"}}]}},"_links":{"self":[{"href":"https:\/\/www.le-regal.eu\/en\/wp-json\/wp\/v2\/pages\/3672","targetHints":{"allow":["GET"]}}],"collection":[{"href":"https:\/\/www.le-regal.eu\/en\/wp-json\/wp\/v2\/pages"}],"about":[{"href":"https:\/\/www.le-regal.eu\/en\/wp-json\/wp\/v2\/types\/page"}],"author":[{"embeddable":true,"href":"https:\/\/www.le-regal.eu\/en\/wp-json\/wp\/v2\/users\/10"}],"replies":[{"embeddable":true,"href":"https:\/\/www.le-regal.eu\/en\/wp-json\/wp\/v2\/comments?post=3672"}],"version-history":[{"count":4,"href":"https:\/\/www.le-regal.eu\/en\/wp-json\/wp\/v2\/pages\/3672\/revisions"}],"predecessor-version":[{"id":3677,"href":"https:\/\/www.le-regal.eu\/en\/wp-json\/wp\/v2\/pages\/3672\/revisions\/3677"}],"wp:attachment":[{"href":"https:\/\/www.le-regal.eu\/en\/wp-json\/wp\/v2\/media?parent=3672"}],"curies":[{"name":"wp","href":"https:\/\/api.w.org\/{rel}","templated":true}]}}