{"id":900,"date":"2019-01-10T21:52:09","date_gmt":"2019-01-10T20:52:09","guid":{"rendered":"https:\/\/www.le-regal.eu\/accueil\/"},"modified":"2022-06-03T16:43:08","modified_gmt":"2022-06-03T14:43:08","slug":"accueil","status":"publish","type":"page","link":"https:\/\/www.le-regal.eu\/en\/","title":{"rendered":"Home"},"content":{"rendered":"<p>[et_pb_section fb_built=&#8221;1&#8243; fullwidth=&#8221;on&#8221; _builder_version=&#8221;3.22&#8243; custom_padding=&#8221;0|0px|0px|0px|false|false&#8221; hover_enabled=&#8221;0&#8243; sticky_enabled=&#8221;0&#8243;][et_pb_fullwidth_slider show_pagination=&#8221;off&#8221; _builder_version=&#8221;4.9.4&#8243; text_orientation=&#8221;right&#8221; max_width_tablet=&#8221;&#8221; max_width_phone=&#8221;&#8221; max_width_last_edited=&#8221;on|desktop&#8221; module_alignment=&#8221;center&#8221; custom_margin=&#8221;0px||&#8221; custom_padding=&#8221;333px||333px||true&#8221; custom_padding_tablet=&#8221;211px||211px||true&#8221; custom_padding_phone=&#8221;127px||127px||true&#8221; custom_padding_last_edited=&#8221;on|desktop&#8221; auto=&#8221;on&#8221; auto_speed=&#8221;4000&#8243; link_option_url=&#8221;https:\/\/www.le-regal.eu\/design-savoir-faire\/&#8221; hover_enabled=&#8221;0&#8243; header_font_size_tablet=&#8221;34px&#8221; header_font_size_phone=&#8221;20px&#8221; header_font_size_last_edited=&#8221;on|phone&#8221; border_color_all=&#8221;#000000&#8243; text_shadow_style=&#8221;preset1&#8243; sticky_enabled=&#8221;0&#8243;][et_pb_slide button_link=&#8221;\/plateaux-de-service\/&#8221; _builder_version=&#8221;4.9.4&#8243; background_image=&#8221;https:\/\/www.le-regal.eu\/wp-content\/uploads\/2022\/05\/Nouveautes-2022-La-Ronde-et-Piedestal-En-pre-commande-min.jpg&#8221; hover_enabled=&#8221;0&#8243; sticky_transition=&#8221;on&#8221; heading=&#8221;New&#8221; background_enable_image=&#8221;on&#8221; title_text=&#8221;Nouveaut\u00e9s 2022 La Ronde et Pi\u00e9destal &#8211; En pr\u00e9 commande-min&#8221; button_text=&#8221;Learn more&#8221; text_shadow_style=&#8221;preset2&#8243; sticky_enabled=&#8221;0&#8243;][\/et_pb_slide][et_pb_slide button_link=&#8221;https:\/\/www.le-regal.eu\/en\/design-know-how\/&#8221; _builder_version=&#8221;3.19.4&#8243; background_image=&#8221;https:\/\/www.le-regal.eu\/wp-content\/uploads\/2019\/01\/Le-Regal-Bandeau-site-UK3.jpg&#8221; sticky_transition=&#8221;on&#8221;][\/et_pb_slide][et_pb_slide button_link=&#8221;https:\/\/www.le-regal.eu\/en\/design-know-how\/&#8221; _builder_version=&#8221;3.19.4&#8243; background_image=&#8221;https:\/\/www.le-regal.eu\/wp-content\/uploads\/2019\/01\/Le-Regal-Bandeau-site-UK4.jpg&#8221; background__hover_enabled=&#8221;on&#8221; background_color__hover=&#8221;#ce0e2d&#8221; sticky_transition=&#8221;on&#8221;][\/et_pb_slide][et_pb_slide button_link=&#8221;https:\/\/www.le-regal.eu\/en\/design-know-how\/&#8221; _builder_version=&#8221;3.19.4&#8243; background_image=&#8221;https:\/\/www.le-regal.eu\/wp-content\/uploads\/2019\/01\/Le-Regal-Bandeau-site-UK5.jpg&#8221; hover_transition_duration=&#8221;350ms&#8221; hover_transition_delay=&#8221;30ms&#8221; link_option_url=&#8221;https:\/\/www.le-regal.eu\/en\/design-know-how\/&#8221; sticky_transition=&#8221;on&#8221;][\/et_pb_slide][et_pb_slide button_link=&#8221;https:\/\/www.le-regal.eu\/en\/design-know-how\/&#8221; _builder_version=&#8221;4.9.4&#8243; background_image=&#8221;https:\/\/www.le-regal.eu\/wp-content\/uploads\/2019\/01\/Le-Regal-Bandeau-site-UK5.jpg&#8221; hover_transition_duration=&#8221;350ms&#8221; hover_transition_delay=&#8221;30ms&#8221; link_option_url=&#8221;https:\/\/www.le-regal.eu\/en\/design-know-how\/&#8221; hover_enabled=&#8221;0&#8243; sticky_transition=&#8221;on&#8221; title_text=&#8221;Nouveaut\u00e9s 2022 La Ronde et Pi\u00e9destal &#8211; En pr\u00e9 commande-min&#8221; sticky_enabled=&#8221;0&#8243;][\/et_pb_slide][\/et_pb_fullwidth_slider][\/et_pb_section][et_pb_section fb_built=&#8221;1&#8243; _builder_version=&#8221;3.22&#8243; custom_padding=&#8221;0|0px|0|0px|true|false&#8221;][et_pb_row column_structure=&#8221;2_5,3_5&#8243; _builder_version=&#8221;3.25&#8243; background_size=&#8221;initial&#8221; background_position=&#8221;top_left&#8221; background_repeat=&#8221;repeat&#8221; module_alignment=&#8221;center&#8221; custom_padding=&#8221;47px|0px|27px|0px|false|false&#8221;][et_pb_column type=&#8221;2_5&#8243; _builder_version=&#8221;3.25&#8243; custom_padding=&#8221;|||&#8221; custom_padding__hover=&#8221;|||&#8221;][et_pb_text _builder_version=&#8221;3.27.4&#8243; header_font=&#8221;Raleway|800|||||||&#8221; header_text_color=&#8221;#c9ae8f&#8221; header_font_size=&#8221;46px&#8221; custom_margin=&#8221;-16px||&#8221;]<\/p>\n<h1 class=\"p1\" style=\"text-align: right;\">a shared love <br \/>of food<\/h1>\n<p>[\/et_pb_text][\/et_pb_column][et_pb_column type=&#8221;3_5&#8243; _builder_version=&#8221;3.25&#8243; custom_padding=&#8221;|||&#8221; custom_padding__hover=&#8221;|||&#8221;][et_pb_text _builder_version=&#8221;3.27.4&#8243; text_font=&#8221;||||||||&#8221; text_text_color=&#8221;#c9ae8f&#8221; text_font_size=&#8221;24px&#8221; text_line_height=&#8221;1.1em&#8221; header_font=&#8221;||||||||&#8221; custom_margin=&#8221;-8px||&#8221;]<\/p>\n<p class=\"p1\"><span class=\"s1\">Wooden utensils with a unique and eco-friendly design <\/span><span class=\"s2\">to share that French loved of great food <\/span><span class=\"s3\">with others.<\/span><\/p>\n<p class=\"p2\">\n<p>[\/et_pb_text][\/et_pb_column][\/et_pb_row][et_pb_row _builder_version=&#8221;3.25&#8243; custom_padding=&#8221;27px|0px|27px|0px|false|false&#8221; filter_hue_rotate__hover_enabled=&#8221;on&#8221;][et_pb_column type=&#8221;4_4&#8243; _builder_version=&#8221;3.25&#8243; custom_padding=&#8221;|||&#8221; custom_padding__hover=&#8221;|||&#8221;][et_pb_shop type=&#8221;product_category&#8221; posts_number=&#8221;3&#8243; include_categories=&#8221;74&#8243; columns_number=&#8221;3&#8243; orderby=&#8221;date&#8221; sale_badge_color=&#8221;#845d32&#8243; icon_hover_color=&#8221;rgba(0,0,0,0)&#8221; hover_overlay_color=&#8221;rgba(0,0,0,0)&#8221; _builder_version=&#8221;4.9.4&#8243; title_font=&#8221;||||||||&#8221; title_font_size=&#8221;18px&#8221; price_font=&#8221;Raleway|700|||||||&#8221; price_text_color=&#8221;#c9ae8f&#8221; price_font_size=&#8221;15px&#8221; price_line_height=&#8221;6px&#8221; text_orientation=&#8221;center&#8221; filter_saturate=&#8221;99%&#8221; child_mix_blend_mode=&#8221;multiply&#8221; border_width_all_image=&#8221;2px&#8221; border_color_all_image=&#8221;#f3ebe7&#8243; filter_opacity__hover_enabled=&#8221;on&#8221; filter_opacity__hover=&#8221;100%&#8221; filter_saturate__hover_enabled=&#8221;on&#8221; filter_saturate__hover=&#8221;100%&#8221; border_radii__hover_enabled=&#8221;on&#8221; border_width_all__hover_enabled=&#8221;on&#8221;]<br \/>\n[\/et_pb_shop][\/et_pb_column][\/et_pb_row][et_pb_row column_structure=&#8221;2_3,1_3&#8243; make_equal=&#8221;on&#8221; _builder_version=&#8221;3.25&#8243; filter_brightness__hover=&#8221;50%&#8221; background_color_1__hover_enabled=&#8221;on&#8221; background_color_1__hover=&#8221;rgba(72,55,41,0.49)&#8221; filter_opacity__hover=&#8221;100%&#8221;][et_pb_column type=&#8221;2_3&#8243; _builder_version=&#8221;3.25&#8243; custom_padding=&#8221;|||&#8221; background_color__hover=&#8221;rgba(72,55,41,0.49)&#8221; background_color__hover_enabled=&#8221;on&#8221; custom_padding__hover=&#8221;|||&#8221;][et_pb_cta button_url=&#8221;https:\/\/www.le-regal.eu\/en\/store\/&#8221; button_text=&#8221;Go!&#8221; _builder_version=&#8221;3.19.4&#8243; header_font=&#8221;Raleway|800|||||||&#8221; header_text_color=&#8221;#f3ebe7&#8243; header_font_size=&#8221;46px&#8221; background_image=&#8221;https:\/\/www.le-regal.eu\/wp-content\/uploads\/2018\/12\/Le_Regal_DSC_6890.jpg&#8221; custom_button=&#8221;on&#8221; button_text_color=&#8221;#f3ebe7&#8243; button_border_width=&#8221;1px&#8221; button_border_color=&#8221;#f3ebe7&#8243; button_font=&#8221;||||||||&#8221; button_use_icon=&#8221;off&#8221; text_orientation=&#8221;left&#8221; custom_padding=&#8221;49px||333px&#8221; link_option_url=&#8221;https:\/\/www.le-regal.eu\/en\/store\/&#8221; background__hover_enabled=&#8221;on&#8221; background_color__hover=&#8221;#483729&#8243; filter_contrast__hover_enabled=&#8221;on&#8221; filter_contrast__hover=&#8221;100%&#8221; filter_brightness__hover_enabled=&#8221;on&#8221; filter_brightness__hover=&#8221;50%&#8221;]<\/p>\n<h2>the Store<\/h2>\n<p>[\/et_pb_cta][\/et_pb_column][et_pb_column type=&#8221;1_3&#8243; _builder_version=&#8221;3.25&#8243; background_size=&#8221;initial&#8221; custom_padding=&#8221;|||&#8221; custom_padding__hover=&#8221;|||&#8221;][et_pb_cta button_url=&#8221;#&#8221; button_text=&#8221;The products&#8221; _builder_version=&#8221;3.19.4&#8243; header_font=&#8221;Raleway|800|||||||&#8221; header_text_align=&#8221;center&#8221; header_text_color=&#8221;#f3ebe7&#8243; header_font_size=&#8221;46px&#8221; background_image=&#8221;https:\/\/www.le-regal.eu\/wp-content\/uploads\/2018\/12\/Le-Regal-Bandeau-site5.jpg&#8221; custom_button=&#8221;on&#8221; button_text_color=&#8221;#f3ebe7&#8243; button_border_width=&#8221;1px&#8221; button_border_color=&#8221;#f3ebe7&#8243; button_font=&#8221;||||||||&#8221; button_use_icon=&#8221;off&#8221; custom_padding=&#8221;288px||48px&#8221; link_option_url=&#8221;#&#8221; background__hover_enabled=&#8221;on&#8221; background_color__hover=&#8221;#483729&#8243; filter_contrast__hover_enabled=&#8221;on&#8221; filter_contrast__hover=&#8221;100%&#8221; filter_brightness__hover_enabled=&#8221;on&#8221; filter_brightness__hover=&#8221;50%&#8221;]<\/p>\n<h2>pros<br \/> &amp;co<\/h2>\n<p>[\/et_pb_cta][\/et_pb_column][\/et_pb_row][et_pb_row column_structure=&#8221;2_3,1_3&#8243; _builder_version=&#8221;3.25&#8243; background_color=&#8221;rgba(132,93,50,0.46)&#8221; background_image=&#8221;https:\/\/www.le-regal.eu\/wp-content\/uploads\/2018\/12\/Le_Regal_conifer-dawn-daylight-167698.jpg&#8221; link_option_url=&#8221;https:\/\/www.le-regal.eu\/savoir-faire\/&#8221; background__hover_enabled=&#8221;on&#8221; filter_opacity__hover_enabled=&#8221;on&#8221; filter_opacity__hover=&#8221;100%&#8221; filter_brightness__hover_enabled=&#8221;on&#8221; filter_brightness__hover=&#8221;50%&#8221;][et_pb_column type=&#8221;2_3&#8243; _builder_version=&#8221;3.25&#8243; custom_padding=&#8221;|||&#8221; custom_padding__hover=&#8221;|||&#8221;][et_pb_text _builder_version=&#8221;3.27.4&#8243; header_font=&#8221;||||||||&#8221; header_2_font=&#8221;Raleway|800|||||||&#8221; header_2_text_color=&#8221;#f3ebe7&#8243; header_2_font_size=&#8221;47px&#8221; custom_margin=&#8221;2px||&#8221; custom_padding=&#8221;17px|||50px&#8221;]<\/p>\n<h2 class=\"p1\">a unique design<\/h2>\n<h2 class=\"p1\">that respects<\/h2>\n<h2 class=\"p1\">the environment.<\/h2>\n<p>[\/et_pb_text][\/et_pb_column][et_pb_column type=&#8221;1_3&#8243; _builder_version=&#8221;3.25&#8243; custom_padding=&#8221;|||&#8221; custom_padding__hover=&#8221;|||&#8221;][et_pb_button button_url=&#8221;https:\/\/www.le-regal.eu\/en\/design-know-how\/&#8221; button_text=&#8221;Find out more&#8221; button_alignment=&#8221;center&#8221; _builder_version=&#8221;3.19.4&#8243; custom_button=&#8221;on&#8221; button_text_color=&#8221;#f3ebe7&#8243; button_border_color=&#8221;#f3ebe7&#8243; button_font=&#8221;||||||||&#8221; custom_margin=&#8221;92px||&#8221;]<br \/>\n[\/et_pb_button][\/et_pb_column][\/et_pb_row][et_pb_row _builder_version=&#8221;3.25&#8243; background_size=&#8221;initial&#8221; background_position=&#8221;top_left&#8221; background_repeat=&#8221;repeat&#8221; module_alignment=&#8221;center&#8221; custom_padding=&#8221;53px|0px|53px|0px|true|false&#8221;][et_pb_column type=&#8221;4_4&#8243; _builder_version=&#8221;3.25&#8243; custom_padding=&#8221;|||&#8221; custom_padding__hover=&#8221;|||&#8221;][et_pb_text _builder_version=&#8221;3.27.4&#8243; text_font=&#8221;||||||||&#8221; header_font=&#8221;||||||||&#8221; header_text_color=&#8221;#ce0e2d&#8221; header_2_font=&#8221;|||on|||||&#8221; header_2_text_color=&#8221;#c9ae8f&#8221; header_2_font_size=&#8221;23px&#8221;]<\/p>\n<h2 style=\"text-align: center;\"><span>Our designer kitchenware has been designed<br \/> to prepare or serve your culinary creations <\/span><\/h2>\n<h4 style =\"text-align: center;\"><span style=\"font-size: medium;\">Designed by C+B Lefebvre<\/ span><\/h4>\n<p style=\"text-align: center;\">&#8220;The idea is to offer you a kitchenware and tableware range that is aesthetic yet practical, built around values, well thought out and that draws on its past to embrace a future mindful of human and natural resources.\u201d<em><br \/> Fabrice Guiet, Catherine Pitard and Yan Le Nev\u00e9<\/em><\/p>\n<p style=\"text-align: center;\">Working a material as noble as wood naturally comes with its challenges: all <strong>Le R\u00e9gal<\/strong> products, chopping board, tasting board and tray, sm\u00f6rg\u00e5sbord, appetizer board, serving platter, catering tray, are made from solid wood.<br \/> Oak species are selected for their qualities and durability.<br \/> A scrupulous traceability also ensures that the entire wood chain is respected for each of our products.<\/p>\n<p>[\/et_pb_text][\/et_pb_column][\/et_pb_row][\/et_pb_section]<\/p>\n","protected":false},"excerpt":{"rendered":"<p>a shared love of foodWooden utensils with a unique and eco-friendly design to share that French loved of great food with others. the Storepros &amp;coa unique design that respects the environment. Our designer kitchenware has been designed to prepare or serve your culinary creations Designed by C+B Lefebvre &#8220;The idea is to offer you a [&hellip;]<\/p>\n","protected":false},"author":1,"featured_media":753,"parent":0,"menu_order":0,"comment_status":"closed","ping_status":"closed","template":"","meta":{"_acf_changed":false,"_et_pb_use_builder":"on","_et_pb_old_content":"","_et_gb_content_width":"","_mo_disable_npp":"","footnotes":""},"class_list":["post-900","page","type-page","status-publish","has-post-thumbnail","hentry"],"acf":[],"yoast_head":"<!-- This site is optimized with the Yoast SEO plugin v27.2 - https:\/\/yoast.com\/product\/yoast-seo-wordpress\/ -->\n<title>Le R\u00e9gal, designer wooden kitchenware, made in France<\/title>\n<meta name=\"description\" content=\"Wooden utensils with a unique and eco-friendly design to share that French love of great food with others. Discover Le R\u00e9gal\" \/>\n<meta name=\"robots\" content=\"index, follow, max-snippet:-1, max-image-preview:large, max-video-preview:-1\" \/>\n<link rel=\"canonical\" href=\"https:\/\/www.le-regal.eu\/en\/\" \/>\n<meta property=\"og:locale\" content=\"en_US\" \/>\n<meta property=\"og:type\" content=\"article\" \/>\n<meta property=\"og:title\" content=\"Le R\u00e9gal, designer wooden kitchenware, made in France\" \/>\n<meta property=\"og:description\" content=\"Wooden utensils with a unique and eco-friendly design to share that French love of great food with others. Discover Le R\u00e9gal\" \/>\n<meta property=\"og:url\" content=\"https:\/\/www.le-regal.eu\/en\/\" \/>\n<meta property=\"og:site_name\" content=\"Le Regal\" \/>\n<meta property=\"article:modified_time\" content=\"2022-06-03T14:43:08+00:00\" \/>\n<meta property=\"og:image\" content=\"https:\/\/www.le-regal.eu\/wp-content\/uploads\/2018\/12\/Le_Regal_DSC_6966-2.jpg\" \/>\n\t<meta property=\"og:image:width\" content=\"1600\" \/>\n\t<meta property=\"og:image:height\" content=\"1068\" \/>\n\t<meta property=\"og:image:type\" content=\"image\/jpeg\" \/>\n<meta name=\"twitter:card\" content=\"summary_large_image\" \/>\n<meta name=\"twitter:label1\" content=\"Est. reading time\" \/>\n\t<meta name=\"twitter:data1\" content=\"6 minutes\" \/>\n<script type=\"application\/ld+json\" class=\"yoast-schema-graph\">{\"@context\":\"https:\/\/schema.org\",\"@graph\":[{\"@type\":\"WebPage\",\"@id\":\"https:\/\/www.le-regal.eu\/en\/\",\"url\":\"https:\/\/www.le-regal.eu\/en\/\",\"name\":\"Le R\u00e9gal, designer wooden kitchenware, made in France\",\"isPartOf\":{\"@id\":\"https:\/\/www.le-regal.eu\/#website\"},\"primaryImageOfPage\":{\"@id\":\"https:\/\/www.le-regal.eu\/en\/#primaryimage\"},\"image\":{\"@id\":\"https:\/\/www.le-regal.eu\/en\/#primaryimage\"},\"thumbnailUrl\":\"https:\/\/www.le-regal.eu\/wp-content\/uploads\/2018\/12\/Le_Regal_DSC_6966-2.jpg\",\"datePublished\":\"2019-01-10T20:52:09+00:00\",\"dateModified\":\"2022-06-03T14:43:08+00:00\",\"description\":\"Wooden utensils with a unique and eco-friendly design to share that French love of great food with others. Discover Le R\u00e9gal\",\"breadcrumb\":{\"@id\":\"https:\/\/www.le-regal.eu\/en\/#breadcrumb\"},\"inLanguage\":\"en-US\",\"potentialAction\":[{\"@type\":\"ReadAction\",\"target\":[\"https:\/\/www.le-regal.eu\/en\/\"]}]},{\"@type\":\"ImageObject\",\"inLanguage\":\"en-US\",\"@id\":\"https:\/\/www.le-regal.eu\/en\/#primaryimage\",\"url\":\"https:\/\/www.le-regal.eu\/wp-content\/uploads\/2018\/12\/Le_Regal_DSC_6966-2.jpg\",\"contentUrl\":\"https:\/\/www.le-regal.eu\/wp-content\/uploads\/2018\/12\/Le_Regal_DSC_6966-2.jpg\",\"width\":1600,\"height\":1068,\"caption\":\"A dash of design in the kitchen to put the final touch to your recipes\"},{\"@type\":\"BreadcrumbList\",\"@id\":\"https:\/\/www.le-regal.eu\/en\/#breadcrumb\",\"itemListElement\":[{\"@type\":\"ListItem\",\"position\":1,\"name\":\"Accueil\",\"item\":\"https:\/\/www.le-regal.eu\/en\/\"},{\"@type\":\"ListItem\",\"position\":2,\"name\":\"Home\"}]},{\"@type\":\"WebSite\",\"@id\":\"https:\/\/www.le-regal.eu\/#website\",\"url\":\"https:\/\/www.le-regal.eu\/\",\"name\":\"Le Regal\",\"description\":\"Des ustensiles en bois, au design unique et respectueux de l\u2019environnement pour partager des moments conviviaux de gourmandise fran\u00e7aise.\",\"publisher\":{\"@id\":\"https:\/\/www.le-regal.eu\/#organization\"},\"potentialAction\":[{\"@type\":\"SearchAction\",\"target\":{\"@type\":\"EntryPoint\",\"urlTemplate\":\"https:\/\/www.le-regal.eu\/?s={search_term_string}\"},\"query-input\":{\"@type\":\"PropertyValueSpecification\",\"valueRequired\":true,\"valueName\":\"search_term_string\"}}],\"inLanguage\":\"en-US\"},{\"@type\":\"Organization\",\"@id\":\"https:\/\/www.le-regal.eu\/#organization\",\"name\":\"Le R\u00e9gal\",\"url\":\"https:\/\/www.le-regal.eu\/\",\"logo\":{\"@type\":\"ImageObject\",\"inLanguage\":\"en-US\",\"@id\":\"https:\/\/www.le-regal.eu\/#\/schema\/logo\/image\/\",\"url\":\"https:\/\/www.le-regal.eu\/wp-content\/uploads\/2021\/02\/576-47c413ae1090e1.jpg\",\"contentUrl\":\"https:\/\/www.le-regal.eu\/wp-content\/uploads\/2021\/02\/576-47c413ae1090e1.jpg\",\"width\":316,\"height\":316,\"caption\":\"Le R\u00e9gal\"},\"image\":{\"@id\":\"https:\/\/www.le-regal.eu\/#\/schema\/logo\/image\/\"}}]}<\/script>\n<!-- \/ Yoast SEO plugin. -->","yoast_head_json":{"title":"Le R\u00e9gal, designer wooden kitchenware, made in France","description":"Wooden utensils with a unique and eco-friendly design to share that French love of great food with others. Discover Le R\u00e9gal","robots":{"index":"index","follow":"follow","max-snippet":"max-snippet:-1","max-image-preview":"max-image-preview:large","max-video-preview":"max-video-preview:-1"},"canonical":"https:\/\/www.le-regal.eu\/en\/","og_locale":"en_US","og_type":"article","og_title":"Le R\u00e9gal, designer wooden kitchenware, made in France","og_description":"Wooden utensils with a unique and eco-friendly design to share that French love of great food with others. Discover Le R\u00e9gal","og_url":"https:\/\/www.le-regal.eu\/en\/","og_site_name":"Le Regal","article_modified_time":"2022-06-03T14:43:08+00:00","og_image":[{"width":1600,"height":1068,"url":"https:\/\/www.le-regal.eu\/wp-content\/uploads\/2018\/12\/Le_Regal_DSC_6966-2.jpg","type":"image\/jpeg"}],"twitter_card":"summary_large_image","twitter_misc":{"Est. reading time":"6 minutes"},"schema":{"@context":"https:\/\/schema.org","@graph":[{"@type":"WebPage","@id":"https:\/\/www.le-regal.eu\/en\/","url":"https:\/\/www.le-regal.eu\/en\/","name":"Le R\u00e9gal, designer wooden kitchenware, made in France","isPartOf":{"@id":"https:\/\/www.le-regal.eu\/#website"},"primaryImageOfPage":{"@id":"https:\/\/www.le-regal.eu\/en\/#primaryimage"},"image":{"@id":"https:\/\/www.le-regal.eu\/en\/#primaryimage"},"thumbnailUrl":"https:\/\/www.le-regal.eu\/wp-content\/uploads\/2018\/12\/Le_Regal_DSC_6966-2.jpg","datePublished":"2019-01-10T20:52:09+00:00","dateModified":"2022-06-03T14:43:08+00:00","description":"Wooden utensils with a unique and eco-friendly design to share that French love of great food with others. Discover Le R\u00e9gal","breadcrumb":{"@id":"https:\/\/www.le-regal.eu\/en\/#breadcrumb"},"inLanguage":"en-US","potentialAction":[{"@type":"ReadAction","target":["https:\/\/www.le-regal.eu\/en\/"]}]},{"@type":"ImageObject","inLanguage":"en-US","@id":"https:\/\/www.le-regal.eu\/en\/#primaryimage","url":"https:\/\/www.le-regal.eu\/wp-content\/uploads\/2018\/12\/Le_Regal_DSC_6966-2.jpg","contentUrl":"https:\/\/www.le-regal.eu\/wp-content\/uploads\/2018\/12\/Le_Regal_DSC_6966-2.jpg","width":1600,"height":1068,"caption":"A dash of design in the kitchen to put the final touch to your recipes"},{"@type":"BreadcrumbList","@id":"https:\/\/www.le-regal.eu\/en\/#breadcrumb","itemListElement":[{"@type":"ListItem","position":1,"name":"Accueil","item":"https:\/\/www.le-regal.eu\/en\/"},{"@type":"ListItem","position":2,"name":"Home"}]},{"@type":"WebSite","@id":"https:\/\/www.le-regal.eu\/#website","url":"https:\/\/www.le-regal.eu\/","name":"Le Regal","description":"Des ustensiles en bois, au design unique et respectueux de l\u2019environnement pour partager des moments conviviaux de gourmandise fran\u00e7aise.","publisher":{"@id":"https:\/\/www.le-regal.eu\/#organization"},"potentialAction":[{"@type":"SearchAction","target":{"@type":"EntryPoint","urlTemplate":"https:\/\/www.le-regal.eu\/?s={search_term_string}"},"query-input":{"@type":"PropertyValueSpecification","valueRequired":true,"valueName":"search_term_string"}}],"inLanguage":"en-US"},{"@type":"Organization","@id":"https:\/\/www.le-regal.eu\/#organization","name":"Le R\u00e9gal","url":"https:\/\/www.le-regal.eu\/","logo":{"@type":"ImageObject","inLanguage":"en-US","@id":"https:\/\/www.le-regal.eu\/#\/schema\/logo\/image\/","url":"https:\/\/www.le-regal.eu\/wp-content\/uploads\/2021\/02\/576-47c413ae1090e1.jpg","contentUrl":"https:\/\/www.le-regal.eu\/wp-content\/uploads\/2021\/02\/576-47c413ae1090e1.jpg","width":316,"height":316,"caption":"Le R\u00e9gal"},"image":{"@id":"https:\/\/www.le-regal.eu\/#\/schema\/logo\/image\/"}}]}},"_links":{"self":[{"href":"https:\/\/www.le-regal.eu\/en\/wp-json\/wp\/v2\/pages\/900","targetHints":{"allow":["GET"]}}],"collection":[{"href":"https:\/\/www.le-regal.eu\/en\/wp-json\/wp\/v2\/pages"}],"about":[{"href":"https:\/\/www.le-regal.eu\/en\/wp-json\/wp\/v2\/types\/page"}],"author":[{"embeddable":true,"href":"https:\/\/www.le-regal.eu\/en\/wp-json\/wp\/v2\/users\/1"}],"replies":[{"embeddable":true,"href":"https:\/\/www.le-regal.eu\/en\/wp-json\/wp\/v2\/comments?post=900"}],"version-history":[{"count":12,"href":"https:\/\/www.le-regal.eu\/en\/wp-json\/wp\/v2\/pages\/900\/revisions"}],"predecessor-version":[{"id":3579,"href":"https:\/\/www.le-regal.eu\/en\/wp-json\/wp\/v2\/pages\/900\/revisions\/3579"}],"wp:featuredmedia":[{"embeddable":true,"href":"https:\/\/www.le-regal.eu\/en\/wp-json\/wp\/v2\/media\/753"}],"wp:attachment":[{"href":"https:\/\/www.le-regal.eu\/en\/wp-json\/wp\/v2\/media?parent=900"}],"curies":[{"name":"wp","href":"https:\/\/api.w.org\/{rel}","templated":true}]}}