{"id":938,"date":"2019-01-17T10:16:57","date_gmt":"2019-01-17T09:16:57","guid":{"rendered":"https:\/\/www.le-regal.eu\/site-under-construction\/"},"modified":"2019-01-17T10:17:07","modified_gmt":"2019-01-17T09:17:07","slug":"site-under-construction","status":"publish","type":"page","link":"https:\/\/www.le-regal.eu\/en\/site-under-construction\/","title":{"rendered":"Site under construction"},"content":{"rendered":"<p>[et_pb_section fb_built=&#8221;1&#8243; _builder_version=&#8221;3.17.6&#8243; custom_padding=&#8221;0|0px|0|0px|true|false&#8221;][et_pb_row _builder_version=&#8221;3.0.48&#8243; background_size=&#8221;initial&#8221; background_position=&#8221;top_left&#8221; background_repeat=&#8221;repeat&#8221;][et_pb_column type=&#8221;4_4&#8243; _builder_version=&#8221;3.0.47&#8243; parallax=&#8221;off&#8221; parallax_method=&#8221;on&#8221;][et_pb_image src=&#8221;https:\/\/www.le-regal.eu\/wp-content\/uploads\/2018\/12\/Logo_Le_Regal.jpg&#8221; align=&#8221;center&#8221; _builder_version=&#8221;3.17.6&#8243;]<br \/>\n[\/et_pb_image][\/et_pb_column][\/et_pb_row][\/et_pb_section][et_pb_section fb_built=&#8221;1&#8243; _builder_version=&#8221;3.17.6&#8243; custom_padding=&#8221;0|0px|0|0px|true|false&#8221;][et_pb_row use_custom_width=&#8221;on&#8221; width_unit=&#8221;off&#8221; custom_width_percent=&#8221;100%&#8221; custom_padding=&#8221;146px||207px|52px&#8221; custom_margin=&#8221;0px|-67px||-2px&#8221; _builder_version=&#8221;3.18.1&#8243; background_image=&#8221;https:\/\/www.le-regal.eu\/wp-content\/uploads\/2018\/12\/Le-Regal_ambiance_planche_apero.jpg&#8221; module_alignment=&#8221;center&#8221;][et_pb_column type=&#8221;2_5&#8243; _builder_version=&#8221;3.0.47&#8243; parallax=&#8221;off&#8221; parallax_method=&#8221;on&#8221;][et_pb_text _builder_version=&#8221;3.18.7&#8243; text_font=&#8221;||||||||&#8221; header_font=&#8221;Raleway|700|||||||&#8221; header_text_color=&#8221;#c9ae8f&#8221; header_font_size=&#8221;45px&#8221; background_color=&#8221;rgba(89,38,0,0.68)&#8221; custom_margin=&#8221;36px||&#8221; custom_padding=&#8221;17px||14px|6px&#8221;]<\/p>\n<h1>A shared love<br \/> of food!<\/h1>\n<p>[\/et_pb_text][\/et_pb_column][et_pb_column type=&#8221;3_5&#8243; _builder_version=&#8221;3.0.47&#8243; parallax=&#8221;off&#8221; parallax_method=&#8221;on&#8221;][\/et_pb_column][\/et_pb_row][\/et_pb_section][et_pb_section fb_built=&#8221;1&#8243; _builder_version=&#8221;3.17.6&#8243; custom_padding=&#8221;27px|0px|27px|0px|true|false&#8221;][et_pb_row _builder_version=&#8221;3.18.1&#8243; background_size=&#8221;initial&#8221; background_position=&#8221;top_left&#8221; background_repeat=&#8221;repeat&#8221; module_alignment=&#8221;center&#8221;][et_pb_column type=&#8221;3_4&#8243; _builder_version=&#8221;3.0.47&#8243; parallax=&#8221;off&#8221; parallax_method=&#8221;on&#8221;][et_pb_text _builder_version=&#8221;3.17.6&#8243;]<\/p>\n<h2>Site under construction, thank you for your visit.<\/h2>\n<p style=\"text-align: justify;\">The idea behind LE <span class=\"caps\">R\u00c9GAL<\/span> is to offer you a kitchenware and tableware range that is aesthetic yet practical, built around values, well thought out and that draws on its past to embrace a future mindful of human and natural resources.<\/p>\n<p style = \"text-align: justify;\"> LE <span class=\"caps\">R\u00c9GAL<\/span> injects its rebellious streak into a flawless design.<\/p>\n<p style=\"text-align: justify;\">Perfectly formed and carved for moments of indulgence, combining practical details, the sensuality of wood, noble materials, and a dash of French elegance.>A brand entirely dedicated to the pleasure of sharing. In the kitchen, at the table, in the living room or on a sunny terrace.<br \/>Our accessories embody this permanent quest for the small detail that makes all the difference. From the choice of wood: solid, sustainable and certified, to the design created by <a href=\"https:\/\/www.cplusblefebvre.com\/\">Bruno Lefebvre<\/a>.<\/p>\n<p>[\/et_pb_text][\/et_pb_column][et_pb_column type=&#8221;1_4&#8243; _builder_version=&#8221;3.0.47&#8243; parallax=&#8221;off&#8221; parallax_method=&#8221;on&#8221;][et_pb_image src=&#8221;https:\/\/www.le-regal.eu\/wp-content\/uploads\/2018\/12\/photo-636260643765576627-2.jpg&#8221; _builder_version=&#8221;3.17.6&#8243;][\/et_pb_image][et_pb_text _builder_version=&#8221;3.18.7&#8243;]<\/p>\n<h3 style=\"text-align: left;\">Come and meet us soon at <a href=\"https:\/\/www.maison-objet.com\/fr\/paris\/exposants\/janvier-2019\/le-regal\">the Maison &amp; Objet show<\/a><br \/> in Paris<\/h3>\n<p style=\"text-align: left;\">From 18-22 January 2019<\/p>\n<p>[\/et_pb_text][\/et_pb_column][\/et_pb_row][\/et_pb_section][et_pb_section fb_built=&#8221;1&#8243; _builder_version=&#8221;3.18.7&#8243; background_color=&#8221;#946c4a&#8221;][et_pb_row _builder_version=&#8221;3.17.6&#8243; background_color=&#8221;#946c4a&#8221; background_size=&#8221;initial&#8221; background_position=&#8221;top_left&#8221; background_repeat=&#8221;repeat&#8221;][et_pb_column type=&#8221;2_5&#8243; _builder_version=&#8221;3.0.47&#8243; parallax=&#8221;off&#8221; parallax_method=&#8221;on&#8221;][et_pb_text _builder_version=&#8221;3.17.6&#8243; text_font=&#8221;||||||||&#8221; text_text_color=&#8221;#FFFFFF&#8221; header_font=&#8221;||||||||&#8221;]<\/p>\n<h2>Contact<\/h2>\n<p>contact@le-regal.eu<br \/>Tel: 02 41 46 60 67 <br \/>Address Le R\u00e9gal: <br \/>Rue du Lieutenant Bouvier BP3\u00a0<br \/>49660 Torfou<\/p>\n<p>[\/et_pb_text][et_pb_social_media_follow _builder_version=&#8221;3.17.6&#8243;][et_pb_social_media_follow_network social_network=&#8221;facebook&#8221; url=&#8221;https:\/\/www.facebook.com\/Le-R%C3%A9gal-265621540819912\/&#8221; _builder_version=&#8221;3.17.6&#8243; background_color=&#8221;#b89f88&#8243; follow_button=&#8221;off&#8221; url_new_window=&#8221;on&#8221;]Facebook<br \/>\n[\/et_pb_social_media_follow_network][et_pb_social_media_follow_network social_network=&#8221;instagram&#8221; url=&#8221;https:\/\/www.instagram.com\/leregal_france\/&#8221; _builder_version=&#8221;3.17.6&#8243; background_color=&#8221;#b89f88&#8243; follow_button=&#8221;off&#8221; url_new_window=&#8221;on&#8221;]Instagram<br \/>\n[\/et_pb_social_media_follow_network][\/et_pb_social_media_follow][\/et_pb_column][et_pb_column type=&#8221;3_5&#8243; _builder_version=&#8221;3.0.47&#8243; parallax=&#8221;off&#8221; parallax_method=&#8221;on&#8221;][et_pb_contact_form email=&#8221;contact@le-regal.eu&#8221; title=&#8221;Contact us&#8221; module_id=&#8221;et_pb_contact_form_0&#8243; _builder_version=&#8221;3.17.6&#8243;][et_pb_contact_field field_id=&#8221;Name&#8221; field_title=&#8221;Name&#8221; _builder_version=&#8221;3.16&#8243; border_radii=&#8221;on||||&#8221; button_text_size__hover_enabled=&#8221;off&#8221; button_one_text_size__hover_enabled=&#8221;off&#8221; button_two_text_size__hover_enabled=&#8221;off&#8221; button_text_color__hover_enabled=&#8221;off&#8221; button_one_text_color__hover_enabled=&#8221;off&#8221; button_two_text_color__hover_enabled=&#8221;off&#8221; button_border_width__hover_enabled=&#8221;off&#8221; button_one_border_width__hover_enabled=&#8221;off&#8221; button_two_border_width__hover_enabled=&#8221;off&#8221; button_border_color__hover_enabled=&#8221;off&#8221; button_one_border_color__hover_enabled=&#8221;off&#8221; button_two_border_color__hover_enabled=&#8221;off&#8221; button_border_radius__hover_enabled=&#8221;off&#8221; button_one_border_radius__hover_enabled=&#8221;off&#8221; button_two_border_radius__hover_enabled=&#8221;off&#8221; button_letter_spacing__hover_enabled=&#8221;off&#8221; button_one_letter_spacing__hover_enabled=&#8221;off&#8221; button_two_letter_spacing__hover_enabled=&#8221;off&#8221; button_bg_color__hover_enabled=&#8221;off&#8221; button_one_bg_color__hover_enabled=&#8221;off&#8221; button_two_bg_color__hover_enabled=&#8221;off&#8221;][\/et_pb_contact_field][et_pb_contact_field field_id=&#8221;Email&#8221; field_title=&#8221;E-mail address&#8221; field_type=&#8221;email&#8221; _builder_version=&#8221;3.16&#8243; border_radii=&#8221;on||||&#8221; button_text_size__hover_enabled=&#8221;off&#8221; button_one_text_size__hover_enabled=&#8221;off&#8221; button_two_text_size__hover_enabled=&#8221;off&#8221; button_text_color__hover_enabled=&#8221;off&#8221; button_one_text_color__hover_enabled=&#8221;off&#8221; button_two_text_color__hover_enabled=&#8221;off&#8221; button_border_width__hover_enabled=&#8221;off&#8221; button_one_border_width__hover_enabled=&#8221;off&#8221; button_two_border_width__hover_enabled=&#8221;off&#8221; button_border_color__hover_enabled=&#8221;off&#8221; button_one_border_color__hover_enabled=&#8221;off&#8221; button_two_border_color__hover_enabled=&#8221;off&#8221; button_border_radius__hover_enabled=&#8221;off&#8221; button_one_border_radius__hover_enabled=&#8221;off&#8221; button_two_border_radius__hover_enabled=&#8221;off&#8221; button_letter_spacing__hover_enabled=&#8221;off&#8221; button_one_letter_spacing__hover_enabled=&#8221;off&#8221; button_two_letter_spacing__hover_enabled=&#8221;off&#8221; button_bg_color__hover_enabled=&#8221;off&#8221; button_one_bg_color__hover_enabled=&#8221;off&#8221; button_two_bg_color__hover_enabled=&#8221;off&#8221;][\/et_pb_contact_field][et_pb_contact_field field_id=&#8221;Message&#8221; field_title=&#8221;Message&#8221; field_type=&#8221;text&#8221; fullwidth_field=&#8221;on&#8221; _builder_version=&#8221;3.16&#8243; border_radii=&#8221;on||||&#8221; button_text_size__hover_enabled=&#8221;off&#8221; button_one_text_size__hover_enabled=&#8221;off&#8221; button_two_text_size__hover_enabled=&#8221;off&#8221; button_text_color__hover_enabled=&#8221;off&#8221; button_one_text_color__hover_enabled=&#8221;off&#8221; button_two_text_color__hover_enabled=&#8221;off&#8221; button_border_width__hover_enabled=&#8221;off&#8221; button_one_border_width__hover_enabled=&#8221;off&#8221; button_two_border_width__hover_enabled=&#8221;off&#8221; button_border_color__hover_enabled=&#8221;off&#8221; button_one_border_color__hover_enabled=&#8221;off&#8221; button_two_border_color__hover_enabled=&#8221;off&#8221; button_border_radius__hover_enabled=&#8221;off&#8221; button_one_border_radius__hover_enabled=&#8221;off&#8221; button_two_border_radius__hover_enabled=&#8221;off&#8221; button_letter_spacing__hover_enabled=&#8221;off&#8221; button_one_letter_spacing__hover_enabled=&#8221;off&#8221; button_two_letter_spacing__hover_enabled=&#8221;off&#8221; button_bg_color__hover_enabled=&#8221;off&#8221; button_one_bg_color__hover_enabled=&#8221;off&#8221; button_two_bg_color__hover_enabled=&#8221;off&#8221;][\/et_pb_contact_field][\/et_pb_contact_form][\/et_pb_column][\/et_pb_row][\/et_pb_section]<\/p>\n","protected":false},"excerpt":{"rendered":"<p>A shared love of food!Site under construction, thank you for your visit. The idea behind LE R\u00c9GAL is to offer you a kitchenware and tableware range that is aesthetic yet practical, built around values, well thought out and that draws on its past to embrace a future mindful of human and natural resources. LE R\u00c9GAL [&hellip;]<\/p>\n","protected":false},"author":1,"featured_media":738,"parent":0,"menu_order":0,"comment_status":"closed","ping_status":"open","template":"page-template-blank.php","meta":{"_acf_changed":false,"_et_pb_use_builder":"on","_et_pb_old_content":"<p>Voici un exemple de page. Elle est diff\u00e9rente d\u2019un article de blog, en cela qu\u2019elle restera \u00e0 la m\u00eame place, et s\u2019affichera dans le menu de navigation de votre site (en fonction de votre th\u00e8me). La plupart des gens commencent par \u00e9crire une page \u00ab \u00c0 Propos \u00bb qui les pr\u00e9sente aux visiteurs potentiels du site. Vous pourriez y \u00e9crire quelque chose de ce tenant :<\/p><blockquote><p>Bonjour ! Je suis un m\u00e9canicien qui aspire \u00e0 devenir un acteur, et voici mon blog. J\u2019habite \u00e0 Bordeaux, j\u2019ai un super chien baptis\u00e9 Russell, et j\u2019aime la vodka-ananas (ainsi que regarder la pluie tomber).<\/p><\/blockquote><p>...ou bien quelque chose comme \u00e7a :<\/p><blockquote><p>La soci\u00e9t\u00e9 123 Machin Truc a \u00e9t\u00e9 cr\u00e9\u00e9e en 1971, et n\u2019a cess\u00e9 de proposer au public des machins-trucs de qualit\u00e9 depuis lors. Situ\u00e9e \u00e0 Saint-Remy-en-Bouzemont-Saint-Genest-et-Isson, 123 Machin Truc emploie 2 000 personnes, et fabrique toutes sortes de bidules super pour la communaut\u00e9 bouzemontoise.<\/p><\/blockquote><p>\u00c9tant donn\u00e9 que vous \u00eates un nouvel utilisateur de WordPress, vous devriez vous rendre sur votre <a href=\"https:\/\/www.le-regal.eu\/wp-admin\/\">Tableau de bord<\/a> pour effacer la pr\u00e9sente page, et cr\u00e9er de nouvelles pages avec votre propre contenu. Amusez-vous bien !<\/p>","_et_gb_content_width":"","_mo_disable_npp":"","footnotes":""},"class_list":["post-938","page","type-page","status-publish","has-post-thumbnail","hentry"],"acf":[],"yoast_head":"<!-- This site is optimized with the Yoast SEO plugin v27.2 - https:\/\/yoast.com\/product\/yoast-seo-wordpress\/ -->\n<title>Site under construction - Le Regal<\/title>\n<meta name=\"robots\" content=\"index, follow, max-snippet:-1, max-image-preview:large, max-video-preview:-1\" \/>\n<link rel=\"canonical\" href=\"https:\/\/www.le-regal.eu\/en\/site-under-construction\/\" \/>\n<meta property=\"og:locale\" content=\"en_US\" \/>\n<meta property=\"og:type\" content=\"article\" \/>\n<meta property=\"og:title\" content=\"Site under construction - Le Regal\" \/>\n<meta property=\"og:description\" content=\"A shared love of food!Site under construction, thank you for your visit. The idea behind LE R\u00c9GAL is to offer you a kitchenware and tableware range that is aesthetic yet practical, built around values, well thought out and that draws on its past to embrace a future mindful of human and natural resources. LE R\u00c9GAL [&hellip;]\" \/>\n<meta property=\"og:url\" content=\"https:\/\/www.le-regal.eu\/en\/site-under-construction\/\" \/>\n<meta property=\"og:site_name\" content=\"Le Regal\" \/>\n<meta property=\"article:modified_time\" content=\"2019-01-17T09:17:07+00:00\" \/>\n<meta property=\"og:image\" content=\"https:\/\/www.le-regal.eu\/wp-content\/uploads\/2018\/12\/LE_REGAL_Page_3_Image_0003.jpg\" \/>\n\t<meta property=\"og:image:width\" content=\"1365\" \/>\n\t<meta property=\"og:image:height\" content=\"734\" \/>\n\t<meta property=\"og:image:type\" content=\"image\/jpeg\" \/>\n<meta name=\"twitter:card\" content=\"summary_large_image\" \/>\n<meta name=\"twitter:label1\" content=\"Est. reading time\" \/>\n\t<meta name=\"twitter:data1\" content=\"6 minutes\" \/>\n<script type=\"application\/ld+json\" class=\"yoast-schema-graph\">{\"@context\":\"https:\/\/schema.org\",\"@graph\":[{\"@type\":\"WebPage\",\"@id\":\"https:\/\/www.le-regal.eu\/en\/site-under-construction\/\",\"url\":\"https:\/\/www.le-regal.eu\/en\/site-under-construction\/\",\"name\":\"Site under construction - Le Regal\",\"isPartOf\":{\"@id\":\"https:\/\/www.le-regal.eu\/#website\"},\"primaryImageOfPage\":{\"@id\":\"https:\/\/www.le-regal.eu\/en\/site-under-construction\/#primaryimage\"},\"image\":{\"@id\":\"https:\/\/www.le-regal.eu\/en\/site-under-construction\/#primaryimage\"},\"thumbnailUrl\":\"https:\/\/www.le-regal.eu\/wp-content\/uploads\/2018\/12\/LE_REGAL_Page_3_Image_0003.jpg\",\"datePublished\":\"2019-01-17T09:16:57+00:00\",\"dateModified\":\"2019-01-17T09:17:07+00:00\",\"breadcrumb\":{\"@id\":\"https:\/\/www.le-regal.eu\/en\/site-under-construction\/#breadcrumb\"},\"inLanguage\":\"en-US\",\"potentialAction\":[{\"@type\":\"ReadAction\",\"target\":[\"https:\/\/www.le-regal.eu\/en\/site-under-construction\/\"]}]},{\"@type\":\"ImageObject\",\"inLanguage\":\"en-US\",\"@id\":\"https:\/\/www.le-regal.eu\/en\/site-under-construction\/#primaryimage\",\"url\":\"https:\/\/www.le-regal.eu\/wp-content\/uploads\/2018\/12\/LE_REGAL_Page_3_Image_0003.jpg\",\"contentUrl\":\"https:\/\/www.le-regal.eu\/wp-content\/uploads\/2018\/12\/LE_REGAL_Page_3_Image_0003.jpg\",\"width\":1365,\"height\":734,\"caption\":\"Nos pelles, planches \u00e0 partager design\"},{\"@type\":\"BreadcrumbList\",\"@id\":\"https:\/\/www.le-regal.eu\/en\/site-under-construction\/#breadcrumb\",\"itemListElement\":[{\"@type\":\"ListItem\",\"position\":1,\"name\":\"Accueil\",\"item\":\"https:\/\/www.le-regal.eu\/en\/\"},{\"@type\":\"ListItem\",\"position\":2,\"name\":\"Site under construction\"}]},{\"@type\":\"WebSite\",\"@id\":\"https:\/\/www.le-regal.eu\/#website\",\"url\":\"https:\/\/www.le-regal.eu\/\",\"name\":\"Le Regal\",\"description\":\"Des ustensiles en bois, au design unique et respectueux de l\u2019environnement pour partager des moments conviviaux de gourmandise fran\u00e7aise.\",\"publisher\":{\"@id\":\"https:\/\/www.le-regal.eu\/#organization\"},\"potentialAction\":[{\"@type\":\"SearchAction\",\"target\":{\"@type\":\"EntryPoint\",\"urlTemplate\":\"https:\/\/www.le-regal.eu\/?s={search_term_string}\"},\"query-input\":{\"@type\":\"PropertyValueSpecification\",\"valueRequired\":true,\"valueName\":\"search_term_string\"}}],\"inLanguage\":\"en-US\"},{\"@type\":\"Organization\",\"@id\":\"https:\/\/www.le-regal.eu\/#organization\",\"name\":\"Le R\u00e9gal\",\"url\":\"https:\/\/www.le-regal.eu\/\",\"logo\":{\"@type\":\"ImageObject\",\"inLanguage\":\"en-US\",\"@id\":\"https:\/\/www.le-regal.eu\/#\/schema\/logo\/image\/\",\"url\":\"https:\/\/www.le-regal.eu\/wp-content\/uploads\/2021\/02\/576-47c413ae1090e1.jpg\",\"contentUrl\":\"https:\/\/www.le-regal.eu\/wp-content\/uploads\/2021\/02\/576-47c413ae1090e1.jpg\",\"width\":316,\"height\":316,\"caption\":\"Le R\u00e9gal\"},\"image\":{\"@id\":\"https:\/\/www.le-regal.eu\/#\/schema\/logo\/image\/\"}}]}<\/script>\n<!-- \/ Yoast SEO plugin. -->","yoast_head_json":{"title":"Site under construction - Le Regal","robots":{"index":"index","follow":"follow","max-snippet":"max-snippet:-1","max-image-preview":"max-image-preview:large","max-video-preview":"max-video-preview:-1"},"canonical":"https:\/\/www.le-regal.eu\/en\/site-under-construction\/","og_locale":"en_US","og_type":"article","og_title":"Site under construction - Le Regal","og_description":"A shared love of food!Site under construction, thank you for your visit. The idea behind LE R\u00c9GAL is to offer you a kitchenware and tableware range that is aesthetic yet practical, built around values, well thought out and that draws on its past to embrace a future mindful of human and natural resources. LE R\u00c9GAL [&hellip;]","og_url":"https:\/\/www.le-regal.eu\/en\/site-under-construction\/","og_site_name":"Le Regal","article_modified_time":"2019-01-17T09:17:07+00:00","og_image":[{"width":1365,"height":734,"url":"https:\/\/www.le-regal.eu\/wp-content\/uploads\/2018\/12\/LE_REGAL_Page_3_Image_0003.jpg","type":"image\/jpeg"}],"twitter_card":"summary_large_image","twitter_misc":{"Est. reading time":"6 minutes"},"schema":{"@context":"https:\/\/schema.org","@graph":[{"@type":"WebPage","@id":"https:\/\/www.le-regal.eu\/en\/site-under-construction\/","url":"https:\/\/www.le-regal.eu\/en\/site-under-construction\/","name":"Site under construction - Le Regal","isPartOf":{"@id":"https:\/\/www.le-regal.eu\/#website"},"primaryImageOfPage":{"@id":"https:\/\/www.le-regal.eu\/en\/site-under-construction\/#primaryimage"},"image":{"@id":"https:\/\/www.le-regal.eu\/en\/site-under-construction\/#primaryimage"},"thumbnailUrl":"https:\/\/www.le-regal.eu\/wp-content\/uploads\/2018\/12\/LE_REGAL_Page_3_Image_0003.jpg","datePublished":"2019-01-17T09:16:57+00:00","dateModified":"2019-01-17T09:17:07+00:00","breadcrumb":{"@id":"https:\/\/www.le-regal.eu\/en\/site-under-construction\/#breadcrumb"},"inLanguage":"en-US","potentialAction":[{"@type":"ReadAction","target":["https:\/\/www.le-regal.eu\/en\/site-under-construction\/"]}]},{"@type":"ImageObject","inLanguage":"en-US","@id":"https:\/\/www.le-regal.eu\/en\/site-under-construction\/#primaryimage","url":"https:\/\/www.le-regal.eu\/wp-content\/uploads\/2018\/12\/LE_REGAL_Page_3_Image_0003.jpg","contentUrl":"https:\/\/www.le-regal.eu\/wp-content\/uploads\/2018\/12\/LE_REGAL_Page_3_Image_0003.jpg","width":1365,"height":734,"caption":"Nos pelles, planches \u00e0 partager design"},{"@type":"BreadcrumbList","@id":"https:\/\/www.le-regal.eu\/en\/site-under-construction\/#breadcrumb","itemListElement":[{"@type":"ListItem","position":1,"name":"Accueil","item":"https:\/\/www.le-regal.eu\/en\/"},{"@type":"ListItem","position":2,"name":"Site under construction"}]},{"@type":"WebSite","@id":"https:\/\/www.le-regal.eu\/#website","url":"https:\/\/www.le-regal.eu\/","name":"Le Regal","description":"Des ustensiles en bois, au design unique et respectueux de l\u2019environnement pour partager des moments conviviaux de gourmandise fran\u00e7aise.","publisher":{"@id":"https:\/\/www.le-regal.eu\/#organization"},"potentialAction":[{"@type":"SearchAction","target":{"@type":"EntryPoint","urlTemplate":"https:\/\/www.le-regal.eu\/?s={search_term_string}"},"query-input":{"@type":"PropertyValueSpecification","valueRequired":true,"valueName":"search_term_string"}}],"inLanguage":"en-US"},{"@type":"Organization","@id":"https:\/\/www.le-regal.eu\/#organization","name":"Le R\u00e9gal","url":"https:\/\/www.le-regal.eu\/","logo":{"@type":"ImageObject","inLanguage":"en-US","@id":"https:\/\/www.le-regal.eu\/#\/schema\/logo\/image\/","url":"https:\/\/www.le-regal.eu\/wp-content\/uploads\/2021\/02\/576-47c413ae1090e1.jpg","contentUrl":"https:\/\/www.le-regal.eu\/wp-content\/uploads\/2021\/02\/576-47c413ae1090e1.jpg","width":316,"height":316,"caption":"Le R\u00e9gal"},"image":{"@id":"https:\/\/www.le-regal.eu\/#\/schema\/logo\/image\/"}}]}},"_links":{"self":[{"href":"https:\/\/www.le-regal.eu\/en\/wp-json\/wp\/v2\/pages\/938","targetHints":{"allow":["GET"]}}],"collection":[{"href":"https:\/\/www.le-regal.eu\/en\/wp-json\/wp\/v2\/pages"}],"about":[{"href":"https:\/\/www.le-regal.eu\/en\/wp-json\/wp\/v2\/types\/page"}],"author":[{"embeddable":true,"href":"https:\/\/www.le-regal.eu\/en\/wp-json\/wp\/v2\/users\/1"}],"replies":[{"embeddable":true,"href":"https:\/\/www.le-regal.eu\/en\/wp-json\/wp\/v2\/comments?post=938"}],"version-history":[{"count":1,"href":"https:\/\/www.le-regal.eu\/en\/wp-json\/wp\/v2\/pages\/938\/revisions"}],"predecessor-version":[{"id":939,"href":"https:\/\/www.le-regal.eu\/en\/wp-json\/wp\/v2\/pages\/938\/revisions\/939"}],"wp:featuredmedia":[{"embeddable":true,"href":"https:\/\/www.le-regal.eu\/en\/wp-json\/wp\/v2\/media\/738"}],"wp:attachment":[{"href":"https:\/\/www.le-regal.eu\/en\/wp-json\/wp\/v2\/media?parent=938"}],"curies":[{"name":"wp","href":"https:\/\/api.w.org\/{rel}","templated":true}]}}