{"id":958,"date":"2019-01-17T10:31:24","date_gmt":"2019-01-17T09:31:24","guid":{"rendered":"https:\/\/www.le-regal.eu\/warranties\/"},"modified":"2019-01-17T10:31:27","modified_gmt":"2019-01-17T09:31:27","slug":"warranties","status":"publish","type":"page","link":"https:\/\/www.le-regal.eu\/en\/warranties\/","title":{"rendered":"Warranties"},"content":{"rendered":"<p>[et_pb_section fb_built=&#8221;1&#8243; _builder_version=&#8221;3.18.1&#8243; background_color=&#8221;#845d32&#8243; background_image=&#8221;https:\/\/www.le-regal.eu\/wp-content\/uploads\/2018\/12\/Le_Regal_aIMG_0843-2.jpg&#8221; background_blend=&#8221;multiply&#8221; custom_padding=&#8221;0|0px|0|0px|true|false&#8221;][et_pb_row _builder_version=&#8221;3.0.48&#8243; background_size=&#8221;initial&#8221; background_position=&#8221;top_left&#8221; background_repeat=&#8221;repeat&#8221;][et_pb_column type=&#8221;4_4&#8243; _builder_version=&#8221;3.18.1&#8243; parallax=&#8221;off&#8221; parallax_method=&#8221;on&#8221;][et_pb_post_title meta=&#8221;off&#8221; featured_image=&#8221;off&#8221; _builder_version=&#8221;3.18.7&#8243; title_font=&#8221;Raleway|800|||||||&#8221; title_text_color=&#8221;#f3ebe7&#8243; title_font_size=&#8221;46px&#8221; text_orientation=&#8221;center&#8221; text_shadow_style=&#8221;preset1&#8243; text_shadow_color=&#8221;rgba(0,0,0,0)&#8221;][\/et_pb_post_title][\/et_pb_column][\/et_pb_row][\/et_pb_section][et_pb_section fb_built=&#8221;1&#8243; admin_label=&#8221;section&#8221; _builder_version=&#8221;3.0.47&#8243;][et_pb_row admin_label=&#8221;row&#8221; _builder_version=&#8221;3.0.48&#8243; background_size=&#8221;initial&#8221; background_position=&#8221;top_left&#8221; background_repeat=&#8221;repeat&#8221;][et_pb_column type=&#8221;4_4&#8243; _builder_version=&#8221;3.0.47&#8243; parallax=&#8221;off&#8221; parallax_method=&#8221;on&#8221;][et_pb_text admin_label=&#8221;Text&#8221; _builder_version=&#8221;3.0.74&#8243; background_size=&#8221;initial&#8221; background_position=&#8221;top_left&#8221; background_repeat=&#8221;repeat&#8221;]<strong>Le R\u00e9gal products are subject to the legal warranty conditions provided by article 1641 et seq of the French civil code.<\/ strong><br \/>\n<strong>In the event that a sold product should prove non-compliant, the seller agrees to take back, exchange or refund the product or products concerned. <\/strong><br \/>\n<strong>All complaints must be sent by e-mail to: contact@le-regal.eu or by post to the following address:<\/strong><\/p>\n<p>Baudry SAS<br \/>\nRue du Lieutenant Bouvier BP3<br \/>\n49660 Torfou &#8211; France<\/p>\n<p>The materials shown in the photos may vary slightly in appearance from those delivered, as these are natural products.<br \/>\nLE R\u00c9GAL continually improves its products and reserves the right to modify its products at any time.<br \/>\n<em>Item may differ from photograph\/appearance may vary<\/ em>[\/et_pb_text][\/et_pb_column][\/et_pb_row][\/et_pb_section]<\/p>\n","protected":false},"excerpt":{"rendered":"<p>Le R\u00e9gal products are subject to the legal warranty conditions provided by article 1641 et seq of the French civil code. In the event that a sold product should prove non-compliant, the seller agrees to take back, exchange or refund the product or products concerned. All complaints must be sent by e-mail to: contact@le-regal.eu or [&hellip;]<\/p>\n","protected":false},"author":1,"featured_media":0,"parent":0,"menu_order":0,"comment_status":"closed","ping_status":"closed","template":"","meta":{"_acf_changed":false,"_et_pb_use_builder":"on","_et_pb_old_content":"<strong>Les produits Le R\u00e9gal sont soumis aux conditions de garanties l\u00e9gales pr\u00e9vues par l\u2019article 1641 et suivant du code civil.<\/strong>\r\n<strong>En cas de non-conformit\u00e9 d\u2019un produit vendu, le vendeur s\u2019engage \u00e0 reprendre, \u00e9changer ou rembourser le ou les produits concern\u00e9s. <\/strong>\r\n<strong>Toute r\u00e9clamation doit \u00eatre adress\u00e9 par email \u00e0 l\u2019adresse : contact@le-regal.eu ou par voie postale \u00e0 l\u2019adresse suivante :<\/strong>\r\n\r\nBaudry SAS\r\nRue du Lieutenant Bouvier BP3\r\n49660 Torfou \u2013 France\r\n\r\nLes mati\u00e8res montr\u00e9es sur les photos peuvent ici varier l\u00e9g\u00e8rement en apparence de ceux livr\u00e9s, il s\u2019agit de produit naturels.\r\nLE R\u00c9GAL am\u00e9liore continuellement ses produits et se r\u00e9serve la possibilit\u00e9 de modifier \u00e0 tout moment ses produits\r\n<em>Photo non contractuelle \/ aspect pouvant varier<\/em>","_et_gb_content_width":"","_mo_disable_npp":"","footnotes":""},"class_list":["post-958","page","type-page","status-publish","hentry"],"acf":[],"yoast_head":"<!-- This site is optimized with the Yoast SEO plugin v27.2 - https:\/\/yoast.com\/product\/yoast-seo-wordpress\/ -->\n<title>Warranties - Le Regal<\/title>\n<meta name=\"description\" content=\"Discover the warranties covering our wooden kitchenware. When quality is synonymous with safety and durability\" \/>\n<meta name=\"robots\" content=\"index, follow, max-snippet:-1, max-image-preview:large, max-video-preview:-1\" \/>\n<link rel=\"canonical\" href=\"https:\/\/www.le-regal.eu\/en\/warranties\/\" \/>\n<meta property=\"og:locale\" content=\"en_US\" \/>\n<meta property=\"og:type\" content=\"article\" \/>\n<meta property=\"og:title\" content=\"Warranties - Le Regal\" \/>\n<meta property=\"og:description\" content=\"Discover the warranties covering our wooden kitchenware. When quality is synonymous with safety and durability\" \/>\n<meta property=\"og:url\" content=\"https:\/\/www.le-regal.eu\/en\/warranties\/\" \/>\n<meta property=\"og:site_name\" content=\"Le Regal\" \/>\n<meta property=\"article:modified_time\" content=\"2019-01-17T09:31:27+00:00\" \/>\n<meta name=\"twitter:card\" content=\"summary_large_image\" \/>\n<meta name=\"twitter:label1\" content=\"Est. reading time\" \/>\n\t<meta name=\"twitter:data1\" content=\"1 minute\" \/>\n<script type=\"application\/ld+json\" class=\"yoast-schema-graph\">{\"@context\":\"https:\/\/schema.org\",\"@graph\":[{\"@type\":\"WebPage\",\"@id\":\"https:\/\/www.le-regal.eu\/en\/warranties\/\",\"url\":\"https:\/\/www.le-regal.eu\/en\/warranties\/\",\"name\":\"Warranties - Le Regal\",\"isPartOf\":{\"@id\":\"https:\/\/www.le-regal.eu\/#website\"},\"datePublished\":\"2019-01-17T09:31:24+00:00\",\"dateModified\":\"2019-01-17T09:31:27+00:00\",\"description\":\"Discover the warranties covering our wooden kitchenware. When quality is synonymous with safety and durability\",\"breadcrumb\":{\"@id\":\"https:\/\/www.le-regal.eu\/en\/warranties\/#breadcrumb\"},\"inLanguage\":\"en-US\",\"potentialAction\":[{\"@type\":\"ReadAction\",\"target\":[\"https:\/\/www.le-regal.eu\/en\/warranties\/\"]}]},{\"@type\":\"BreadcrumbList\",\"@id\":\"https:\/\/www.le-regal.eu\/en\/warranties\/#breadcrumb\",\"itemListElement\":[{\"@type\":\"ListItem\",\"position\":1,\"name\":\"Accueil\",\"item\":\"https:\/\/www.le-regal.eu\/en\/\"},{\"@type\":\"ListItem\",\"position\":2,\"name\":\"Warranties\"}]},{\"@type\":\"WebSite\",\"@id\":\"https:\/\/www.le-regal.eu\/#website\",\"url\":\"https:\/\/www.le-regal.eu\/\",\"name\":\"Le Regal\",\"description\":\"Des ustensiles en bois, au design unique et respectueux de l\u2019environnement pour partager des moments conviviaux de gourmandise fran\u00e7aise.\",\"publisher\":{\"@id\":\"https:\/\/www.le-regal.eu\/#organization\"},\"potentialAction\":[{\"@type\":\"SearchAction\",\"target\":{\"@type\":\"EntryPoint\",\"urlTemplate\":\"https:\/\/www.le-regal.eu\/?s={search_term_string}\"},\"query-input\":{\"@type\":\"PropertyValueSpecification\",\"valueRequired\":true,\"valueName\":\"search_term_string\"}}],\"inLanguage\":\"en-US\"},{\"@type\":\"Organization\",\"@id\":\"https:\/\/www.le-regal.eu\/#organization\",\"name\":\"Le R\u00e9gal\",\"url\":\"https:\/\/www.le-regal.eu\/\",\"logo\":{\"@type\":\"ImageObject\",\"inLanguage\":\"en-US\",\"@id\":\"https:\/\/www.le-regal.eu\/#\/schema\/logo\/image\/\",\"url\":\"https:\/\/www.le-regal.eu\/wp-content\/uploads\/2021\/02\/576-47c413ae1090e1.jpg\",\"contentUrl\":\"https:\/\/www.le-regal.eu\/wp-content\/uploads\/2021\/02\/576-47c413ae1090e1.jpg\",\"width\":316,\"height\":316,\"caption\":\"Le R\u00e9gal\"},\"image\":{\"@id\":\"https:\/\/www.le-regal.eu\/#\/schema\/logo\/image\/\"}}]}<\/script>\n<!-- \/ Yoast SEO plugin. -->","yoast_head_json":{"title":"Warranties - Le Regal","description":"Discover the warranties covering our wooden kitchenware. When quality is synonymous with safety and durability","robots":{"index":"index","follow":"follow","max-snippet":"max-snippet:-1","max-image-preview":"max-image-preview:large","max-video-preview":"max-video-preview:-1"},"canonical":"https:\/\/www.le-regal.eu\/en\/warranties\/","og_locale":"en_US","og_type":"article","og_title":"Warranties - Le Regal","og_description":"Discover the warranties covering our wooden kitchenware. When quality is synonymous with safety and durability","og_url":"https:\/\/www.le-regal.eu\/en\/warranties\/","og_site_name":"Le Regal","article_modified_time":"2019-01-17T09:31:27+00:00","twitter_card":"summary_large_image","twitter_misc":{"Est. reading time":"1 minute"},"schema":{"@context":"https:\/\/schema.org","@graph":[{"@type":"WebPage","@id":"https:\/\/www.le-regal.eu\/en\/warranties\/","url":"https:\/\/www.le-regal.eu\/en\/warranties\/","name":"Warranties - Le Regal","isPartOf":{"@id":"https:\/\/www.le-regal.eu\/#website"},"datePublished":"2019-01-17T09:31:24+00:00","dateModified":"2019-01-17T09:31:27+00:00","description":"Discover the warranties covering our wooden kitchenware. When quality is synonymous with safety and durability","breadcrumb":{"@id":"https:\/\/www.le-regal.eu\/en\/warranties\/#breadcrumb"},"inLanguage":"en-US","potentialAction":[{"@type":"ReadAction","target":["https:\/\/www.le-regal.eu\/en\/warranties\/"]}]},{"@type":"BreadcrumbList","@id":"https:\/\/www.le-regal.eu\/en\/warranties\/#breadcrumb","itemListElement":[{"@type":"ListItem","position":1,"name":"Accueil","item":"https:\/\/www.le-regal.eu\/en\/"},{"@type":"ListItem","position":2,"name":"Warranties"}]},{"@type":"WebSite","@id":"https:\/\/www.le-regal.eu\/#website","url":"https:\/\/www.le-regal.eu\/","name":"Le Regal","description":"Des ustensiles en bois, au design unique et respectueux de l\u2019environnement pour partager des moments conviviaux de gourmandise fran\u00e7aise.","publisher":{"@id":"https:\/\/www.le-regal.eu\/#organization"},"potentialAction":[{"@type":"SearchAction","target":{"@type":"EntryPoint","urlTemplate":"https:\/\/www.le-regal.eu\/?s={search_term_string}"},"query-input":{"@type":"PropertyValueSpecification","valueRequired":true,"valueName":"search_term_string"}}],"inLanguage":"en-US"},{"@type":"Organization","@id":"https:\/\/www.le-regal.eu\/#organization","name":"Le R\u00e9gal","url":"https:\/\/www.le-regal.eu\/","logo":{"@type":"ImageObject","inLanguage":"en-US","@id":"https:\/\/www.le-regal.eu\/#\/schema\/logo\/image\/","url":"https:\/\/www.le-regal.eu\/wp-content\/uploads\/2021\/02\/576-47c413ae1090e1.jpg","contentUrl":"https:\/\/www.le-regal.eu\/wp-content\/uploads\/2021\/02\/576-47c413ae1090e1.jpg","width":316,"height":316,"caption":"Le R\u00e9gal"},"image":{"@id":"https:\/\/www.le-regal.eu\/#\/schema\/logo\/image\/"}}]}},"_links":{"self":[{"href":"https:\/\/www.le-regal.eu\/en\/wp-json\/wp\/v2\/pages\/958","targetHints":{"allow":["GET"]}}],"collection":[{"href":"https:\/\/www.le-regal.eu\/en\/wp-json\/wp\/v2\/pages"}],"about":[{"href":"https:\/\/www.le-regal.eu\/en\/wp-json\/wp\/v2\/types\/page"}],"author":[{"embeddable":true,"href":"https:\/\/www.le-regal.eu\/en\/wp-json\/wp\/v2\/users\/1"}],"replies":[{"embeddable":true,"href":"https:\/\/www.le-regal.eu\/en\/wp-json\/wp\/v2\/comments?post=958"}],"version-history":[{"count":1,"href":"https:\/\/www.le-regal.eu\/en\/wp-json\/wp\/v2\/pages\/958\/revisions"}],"predecessor-version":[{"id":959,"href":"https:\/\/www.le-regal.eu\/en\/wp-json\/wp\/v2\/pages\/958\/revisions\/959"}],"wp:attachment":[{"href":"https:\/\/www.le-regal.eu\/en\/wp-json\/wp\/v2\/media?parent=958"}],"curies":[{"name":"wp","href":"https:\/\/api.w.org\/{rel}","templated":true}]}}