{"id":960,"date":"2019-01-17T10:31:52","date_gmt":"2019-01-17T09:31:52","guid":{"rendered":"https:\/\/www.le-regal.eu\/payment-method\/"},"modified":"2019-01-17T10:31:55","modified_gmt":"2019-01-17T09:31:55","slug":"payment-method","status":"publish","type":"page","link":"https:\/\/www.le-regal.eu\/en\/payment-method\/","title":{"rendered":"Payment method"},"content":{"rendered":"<p>[et_pb_section fb_built=&#8221;1&#8243; _builder_version=&#8221;3.18.1&#8243; background_color=&#8221;#845d32&#8243; background_image=&#8221;https:\/\/www.le-regal.eu\/wp-content\/uploads\/2018\/12\/Le_Regal_aIMG_0843-2.jpg&#8221; background_blend=&#8221;multiply&#8221; custom_padding=&#8221;0|0px|0|0px|true|false&#8221;][et_pb_row _builder_version=&#8221;3.0.48&#8243; background_size=&#8221;initial&#8221; background_position=&#8221;top_left&#8221; background_repeat=&#8221;repeat&#8221;][et_pb_column type=&#8221;4_4&#8243; _builder_version=&#8221;3.18.1&#8243; parallax=&#8221;off&#8221; parallax_method=&#8221;on&#8221;][et_pb_post_title meta=&#8221;off&#8221; featured_image=&#8221;off&#8221; _builder_version=&#8221;3.18.7&#8243; title_font=&#8221;Raleway|800|||||||&#8221; title_text_color=&#8221;#f3ebe7&#8243; title_font_size=&#8221;46px&#8221; text_orientation=&#8221;center&#8221; text_shadow_style=&#8221;preset1&#8243; text_shadow_color=&#8221;rgba(0,0,0,0)&#8221;][\/et_pb_post_title][\/et_pb_column][\/et_pb_row][\/et_pb_section][et_pb_section fb_built=&#8221;1&#8243; _builder_version=&#8221;3.0.47&#8243;][et_pb_row _builder_version=&#8221;3.0.48&#8243; background_size=&#8221;initial&#8221; background_position=&#8221;top_left&#8221; background_repeat=&#8221;repeat&#8221;][et_pb_column type=&#8221;4_4&#8243; _builder_version=&#8221;3.0.47&#8243; parallax=&#8221;off&#8221; parallax_method=&#8221;on&#8221;][et_pb_text _builder_version=&#8221;3.0.74&#8243; background_size=&#8221;initial&#8221; background_position=&#8221;top_left&#8221; background_repeat=&#8221;repeat&#8221;]<\/p>\n<h3>The following payment methods are available to the User:<\/h3>\n<ul>\n<li>Bank Cards such as Visa or Mastercard. The amount of the invoice is debited immediately after the order, before its dispatch.<\/li>\n<li>A Paypal account<\/li>\n<li>Advance bank transfers. The order will be processed once our bank has credited the amount of the transaction to our account. A transfer not received within 10 days of placing an order on the Website will result in the cancellation of the current order.<\/li>\n<li>Bank cheques only when they are drawn on an account opened in Metropolitan France. The order will be processed upon receipt of the cheque and delays will run accordingly.The cheque must reach Baudry within a maximum period of 7 days; if not, the order will be cancelled automatically.<\/li>\n<\/ul>\n<p>[\/et_pb_text][\/et_pb_column][\/et_pb_row][\/et_pb_section]<\/p>\n","protected":false},"excerpt":{"rendered":"<p>The following payment methods are available to the User: Bank Cards such as Visa or Mastercard. The amount of the invoice is debited immediately after the order, before its dispatch. A Paypal account Advance bank transfers. The order will be processed once our bank has credited the amount of the transaction to our account. A [&hellip;]<\/p>\n","protected":false},"author":1,"featured_media":0,"parent":0,"menu_order":0,"comment_status":"closed","ping_status":"closed","template":"","meta":{"_acf_changed":false,"_et_pb_use_builder":"on","_et_pb_old_content":"<h3>Les moyens de paiement suivants sont mis \u00e0 la disposition de l'Utilisateur :<\/h3><ul><li>Les Cartes Bancaires telles que Visa ou Mastercard. Le montant de la facture est d\u00e9bit\u00e9 imm\u00e9diatement apr\u00e8s la commande, avant son exp\u00e9dition.<\/li><li>Un compte Paypal<\/li><li>Les Virements bancaires par avance. Le traitement de la commande se fera une fois que notre banque aura port\u00e9 le r\u00e8glement au cr\u00e9dit de notre compte. Un virement non re\u00e7u dans les 10 jours suivants la passation d'une commande sur le Site donnera lieu \u00e0 l'annulation de la commande en cours.<\/li><li>Les Ch\u00e8ques bancaires uniquement lorsqu'ils sont tir\u00e9s sur un compte ouvert en France m\u00e9tropolitaine. La commande ne sera trait\u00e9e qu'\u00e0 r\u00e9ception du ch\u00e8que et les d\u00e9lais courront en cons\u00e9quence.Le ch\u00e8que doit parvenir \u00e0 Baudry sous un d\u00e9lai maximum de 7 jours; dans le cas contraire, la commande sera annul\u00e9e automatiquement..<\/li><\/ul>","_et_gb_content_width":"","_mo_disable_npp":"","footnotes":""},"class_list":["post-960","page","type-page","status-publish","hentry"],"acf":[],"yoast_head":"<!-- This site is optimized with the Yoast SEO plugin v27.2 - https:\/\/yoast.com\/product\/yoast-seo-wordpress\/ -->\n<title>Payment method - Le Regal<\/title>\n<meta name=\"description\" content=\"Let us take you through the payment methods you can use to purchase our designer wooden kitchenware, made in France\" \/>\n<meta name=\"robots\" content=\"index, follow, max-snippet:-1, max-image-preview:large, max-video-preview:-1\" \/>\n<link rel=\"canonical\" href=\"https:\/\/www.le-regal.eu\/en\/payment-method\/\" \/>\n<meta property=\"og:locale\" content=\"en_US\" \/>\n<meta property=\"og:type\" content=\"article\" \/>\n<meta property=\"og:title\" content=\"Payment method - Le Regal\" \/>\n<meta property=\"og:description\" content=\"Let us take you through the payment methods you can use to purchase our designer wooden kitchenware, made in France\" \/>\n<meta property=\"og:url\" content=\"https:\/\/www.le-regal.eu\/en\/payment-method\/\" \/>\n<meta property=\"og:site_name\" content=\"Le Regal\" \/>\n<meta property=\"article:modified_time\" content=\"2019-01-17T09:31:55+00:00\" \/>\n<meta name=\"twitter:card\" content=\"summary_large_image\" \/>\n<meta name=\"twitter:label1\" content=\"Est. reading time\" \/>\n\t<meta name=\"twitter:data1\" content=\"1 minute\" \/>\n<script type=\"application\/ld+json\" class=\"yoast-schema-graph\">{\"@context\":\"https:\/\/schema.org\",\"@graph\":[{\"@type\":\"WebPage\",\"@id\":\"https:\/\/www.le-regal.eu\/en\/payment-method\/\",\"url\":\"https:\/\/www.le-regal.eu\/en\/payment-method\/\",\"name\":\"Payment method - Le Regal\",\"isPartOf\":{\"@id\":\"https:\/\/www.le-regal.eu\/#website\"},\"datePublished\":\"2019-01-17T09:31:52+00:00\",\"dateModified\":\"2019-01-17T09:31:55+00:00\",\"description\":\"Let us take you through the payment methods you can use to purchase our designer wooden kitchenware, made in France\",\"breadcrumb\":{\"@id\":\"https:\/\/www.le-regal.eu\/en\/payment-method\/#breadcrumb\"},\"inLanguage\":\"en-US\",\"potentialAction\":[{\"@type\":\"ReadAction\",\"target\":[\"https:\/\/www.le-regal.eu\/en\/payment-method\/\"]}]},{\"@type\":\"BreadcrumbList\",\"@id\":\"https:\/\/www.le-regal.eu\/en\/payment-method\/#breadcrumb\",\"itemListElement\":[{\"@type\":\"ListItem\",\"position\":1,\"name\":\"Accueil\",\"item\":\"https:\/\/www.le-regal.eu\/en\/\"},{\"@type\":\"ListItem\",\"position\":2,\"name\":\"Payment method\"}]},{\"@type\":\"WebSite\",\"@id\":\"https:\/\/www.le-regal.eu\/#website\",\"url\":\"https:\/\/www.le-regal.eu\/\",\"name\":\"Le Regal\",\"description\":\"Des ustensiles en bois, au design unique et respectueux de l\u2019environnement pour partager des moments conviviaux de gourmandise fran\u00e7aise.\",\"publisher\":{\"@id\":\"https:\/\/www.le-regal.eu\/#organization\"},\"potentialAction\":[{\"@type\":\"SearchAction\",\"target\":{\"@type\":\"EntryPoint\",\"urlTemplate\":\"https:\/\/www.le-regal.eu\/?s={search_term_string}\"},\"query-input\":{\"@type\":\"PropertyValueSpecification\",\"valueRequired\":true,\"valueName\":\"search_term_string\"}}],\"inLanguage\":\"en-US\"},{\"@type\":\"Organization\",\"@id\":\"https:\/\/www.le-regal.eu\/#organization\",\"name\":\"Le R\u00e9gal\",\"url\":\"https:\/\/www.le-regal.eu\/\",\"logo\":{\"@type\":\"ImageObject\",\"inLanguage\":\"en-US\",\"@id\":\"https:\/\/www.le-regal.eu\/#\/schema\/logo\/image\/\",\"url\":\"https:\/\/www.le-regal.eu\/wp-content\/uploads\/2021\/02\/576-47c413ae1090e1.jpg\",\"contentUrl\":\"https:\/\/www.le-regal.eu\/wp-content\/uploads\/2021\/02\/576-47c413ae1090e1.jpg\",\"width\":316,\"height\":316,\"caption\":\"Le R\u00e9gal\"},\"image\":{\"@id\":\"https:\/\/www.le-regal.eu\/#\/schema\/logo\/image\/\"}}]}<\/script>\n<!-- \/ Yoast SEO plugin. -->","yoast_head_json":{"title":"Payment method - Le Regal","description":"Let us take you through the payment methods you can use to purchase our designer wooden kitchenware, made in France","robots":{"index":"index","follow":"follow","max-snippet":"max-snippet:-1","max-image-preview":"max-image-preview:large","max-video-preview":"max-video-preview:-1"},"canonical":"https:\/\/www.le-regal.eu\/en\/payment-method\/","og_locale":"en_US","og_type":"article","og_title":"Payment method - Le Regal","og_description":"Let us take you through the payment methods you can use to purchase our designer wooden kitchenware, made in France","og_url":"https:\/\/www.le-regal.eu\/en\/payment-method\/","og_site_name":"Le Regal","article_modified_time":"2019-01-17T09:31:55+00:00","twitter_card":"summary_large_image","twitter_misc":{"Est. reading time":"1 minute"},"schema":{"@context":"https:\/\/schema.org","@graph":[{"@type":"WebPage","@id":"https:\/\/www.le-regal.eu\/en\/payment-method\/","url":"https:\/\/www.le-regal.eu\/en\/payment-method\/","name":"Payment method - Le Regal","isPartOf":{"@id":"https:\/\/www.le-regal.eu\/#website"},"datePublished":"2019-01-17T09:31:52+00:00","dateModified":"2019-01-17T09:31:55+00:00","description":"Let us take you through the payment methods you can use to purchase our designer wooden kitchenware, made in France","breadcrumb":{"@id":"https:\/\/www.le-regal.eu\/en\/payment-method\/#breadcrumb"},"inLanguage":"en-US","potentialAction":[{"@type":"ReadAction","target":["https:\/\/www.le-regal.eu\/en\/payment-method\/"]}]},{"@type":"BreadcrumbList","@id":"https:\/\/www.le-regal.eu\/en\/payment-method\/#breadcrumb","itemListElement":[{"@type":"ListItem","position":1,"name":"Accueil","item":"https:\/\/www.le-regal.eu\/en\/"},{"@type":"ListItem","position":2,"name":"Payment method"}]},{"@type":"WebSite","@id":"https:\/\/www.le-regal.eu\/#website","url":"https:\/\/www.le-regal.eu\/","name":"Le Regal","description":"Des ustensiles en bois, au design unique et respectueux de l\u2019environnement pour partager des moments conviviaux de gourmandise fran\u00e7aise.","publisher":{"@id":"https:\/\/www.le-regal.eu\/#organization"},"potentialAction":[{"@type":"SearchAction","target":{"@type":"EntryPoint","urlTemplate":"https:\/\/www.le-regal.eu\/?s={search_term_string}"},"query-input":{"@type":"PropertyValueSpecification","valueRequired":true,"valueName":"search_term_string"}}],"inLanguage":"en-US"},{"@type":"Organization","@id":"https:\/\/www.le-regal.eu\/#organization","name":"Le R\u00e9gal","url":"https:\/\/www.le-regal.eu\/","logo":{"@type":"ImageObject","inLanguage":"en-US","@id":"https:\/\/www.le-regal.eu\/#\/schema\/logo\/image\/","url":"https:\/\/www.le-regal.eu\/wp-content\/uploads\/2021\/02\/576-47c413ae1090e1.jpg","contentUrl":"https:\/\/www.le-regal.eu\/wp-content\/uploads\/2021\/02\/576-47c413ae1090e1.jpg","width":316,"height":316,"caption":"Le R\u00e9gal"},"image":{"@id":"https:\/\/www.le-regal.eu\/#\/schema\/logo\/image\/"}}]}},"_links":{"self":[{"href":"https:\/\/www.le-regal.eu\/en\/wp-json\/wp\/v2\/pages\/960","targetHints":{"allow":["GET"]}}],"collection":[{"href":"https:\/\/www.le-regal.eu\/en\/wp-json\/wp\/v2\/pages"}],"about":[{"href":"https:\/\/www.le-regal.eu\/en\/wp-json\/wp\/v2\/types\/page"}],"author":[{"embeddable":true,"href":"https:\/\/www.le-regal.eu\/en\/wp-json\/wp\/v2\/users\/1"}],"replies":[{"embeddable":true,"href":"https:\/\/www.le-regal.eu\/en\/wp-json\/wp\/v2\/comments?post=960"}],"version-history":[{"count":1,"href":"https:\/\/www.le-regal.eu\/en\/wp-json\/wp\/v2\/pages\/960\/revisions"}],"predecessor-version":[{"id":961,"href":"https:\/\/www.le-regal.eu\/en\/wp-json\/wp\/v2\/pages\/960\/revisions\/961"}],"wp:attachment":[{"href":"https:\/\/www.le-regal.eu\/en\/wp-json\/wp\/v2\/media?parent=960"}],"curies":[{"name":"wp","href":"https:\/\/api.w.org\/{rel}","templated":true}]}}