{"id":1012,"date":"2018-01-07T22:43:23","date_gmt":"2018-01-07T21:43:23","guid":{"rendered":"https:\/\/www.le-regal.eu\/produit\/pelle-display-stand\/"},"modified":"2019-01-17T11:15:15","modified_gmt":"2019-01-17T10:15:15","slug":"pelle-display-stand","status":"publish","type":"product","link":"https:\/\/www.le-regal.eu\/en\/produit\/pelle-display-stand\/","title":{"rendered":"Pelle display stand"},"content":{"rendered":"<p><em> &#8220;A shared love of food&#8230;&#8221; <\/ em><\/p>\n<p>A stand made of French oak to showcase every LE REGAL product you own.<\/p>\n<p><strong>Sustainable Production<\/strong><\/p>\n<p>Le R\u00e9gal has adopted a sustainable development strategy that respects the entire forest-wood chain.<br \/>\nBy sourcing its raw materials locally, all Le R\u00e9gal woods are selected with the greatest care, in line with rigorous criteria in terms of quality, traceability and sustainable management of the French forest.<\/p>\n","protected":false},"excerpt":{"rendered":"<p>Designed to hold all the LE REGAL small presentation boards. From The Medium to the Micro as well The Bouteille. The stand will be perfect to decorate your home and showcase the LE REGAL products you own. Each piece of the LE R\u00c9GAL collection is stamped with its vintage, specifying the origin of the wood and its year of manufacture.<\/p>\n<ul>\n<li>Pelle presentation board in French oak<\/li>\n<li>Vintage: indicating the year of manufacture and the origin of the wood<\/li>\n<li>Treated with grapeseed oil<\/li>\n<li>Dimensions 20x18x45cm<\/li>\n<\/ul>\n","protected":false},"featured_media":635,"comment_status":"open","ping_status":"closed","template":"","meta":{"_acf_changed":false,"_et_pb_use_builder":"","_et_pb_old_content":"","_et_gb_content_width":"","_mo_disable_npp":""},"product_brand":[],"product_cat":[50,51],"product_tag":[],"class_list":{"0":"post-1012","1":"product","2":"type-product","3":"status-publish","4":"has-post-thumbnail","6":"product_cat-the-pelles","7":"product_cat-the-wine-boards","8":"pif-has-gallery","10":"first","11":"instock","12":"taxable","13":"shipping-taxable","14":"purchasable","15":"product-type-simple"},"acf":[],"yoast_head":"<!-- This site is optimized with the Yoast SEO plugin v27.2 - https:\/\/yoast.com\/product\/yoast-seo-wordpress\/ -->\n<title>Pelle display stand for Le R\u00e9gal chopping boards<\/title>\n<meta name=\"description\" content=\"Arrange the Le R\u00e9gal chopping boards on this Pelle display stand in your kitchen or store and exhibit the collection in style\" \/>\n<meta name=\"robots\" content=\"index, follow, max-snippet:-1, max-image-preview:large, max-video-preview:-1\" \/>\n<link rel=\"canonical\" href=\"https:\/\/www.le-regal.eu\/en\/produit\/pelle-display-stand\/\" \/>\n<meta property=\"og:locale\" content=\"en_US\" \/>\n<meta property=\"og:type\" content=\"article\" \/>\n<meta property=\"og:title\" content=\"Pelle display stand for Le R\u00e9gal chopping boards\" \/>\n<meta property=\"og:description\" content=\"Arrange the Le R\u00e9gal chopping boards on this Pelle display stand in your kitchen or store and exhibit the collection in style\" \/>\n<meta property=\"og:url\" content=\"https:\/\/www.le-regal.eu\/en\/produit\/pelle-display-stand\/\" \/>\n<meta property=\"og:site_name\" content=\"Le Regal\" \/>\n<meta property=\"article:modified_time\" content=\"2019-01-17T10:15:15+00:00\" \/>\n<meta name=\"twitter:card\" content=\"summary_large_image\" \/>\n<script type=\"application\/ld+json\" class=\"yoast-schema-graph\">{\"@context\":\"https:\/\/schema.org\",\"@graph\":[{\"@type\":\"WebPage\",\"@id\":\"https:\/\/www.le-regal.eu\/en\/produit\/pelle-display-stand\/\",\"url\":\"https:\/\/www.le-regal.eu\/en\/produit\/pelle-display-stand\/\",\"name\":\"Pelle display stand for Le R\u00e9gal chopping boards\",\"isPartOf\":{\"@id\":\"https:\/\/www.le-regal.eu\/#website\"},\"primaryImageOfPage\":{\"@id\":\"https:\/\/www.le-regal.eu\/en\/produit\/pelle-display-stand\/#primaryimage\"},\"image\":{\"@id\":\"https:\/\/www.le-regal.eu\/en\/produit\/pelle-display-stand\/#primaryimage\"},\"thumbnailUrl\":\"https:\/\/www.le-regal.eu\/wp-content\/uploads\/2019\/01\/Le-Regal-2018-support_de_pelle.jpg\",\"datePublished\":\"2018-01-07T21:43:23+00:00\",\"dateModified\":\"2019-01-17T10:15:15+00:00\",\"description\":\"Arrange the Le R\u00e9gal chopping boards on this Pelle display stand in your kitchen or store and exhibit the collection in style\",\"breadcrumb\":{\"@id\":\"https:\/\/www.le-regal.eu\/en\/produit\/pelle-display-stand\/#breadcrumb\"},\"inLanguage\":\"en-US\",\"potentialAction\":[{\"@type\":\"ReadAction\",\"target\":[\"https:\/\/www.le-regal.eu\/en\/produit\/pelle-display-stand\/\"]}]},{\"@type\":\"ImageObject\",\"inLanguage\":\"en-US\",\"@id\":\"https:\/\/www.le-regal.eu\/en\/produit\/pelle-display-stand\/#primaryimage\",\"url\":\"https:\/\/www.le-regal.eu\/wp-content\/uploads\/2019\/01\/Le-Regal-2018-support_de_pelle.jpg\",\"contentUrl\":\"https:\/\/www.le-regal.eu\/wp-content\/uploads\/2019\/01\/Le-Regal-2018-support_de_pelle.jpg\",\"width\":853,\"height\":1280,\"caption\":\"Pr\u00e9sentoir pour planches ap\u00e9ro con\u00e7u pour les revendeurs de Le R\u00e9gal\"},{\"@type\":\"BreadcrumbList\",\"@id\":\"https:\/\/www.le-regal.eu\/en\/produit\/pelle-display-stand\/#breadcrumb\",\"itemListElement\":[{\"@type\":\"ListItem\",\"position\":1,\"name\":\"Accueil\",\"item\":\"https:\/\/www.le-regal.eu\/en\/\"},{\"@type\":\"ListItem\",\"position\":2,\"name\":\"Produits\",\"item\":\"https:\/\/www.le-regal.eu\/shop\/\"},{\"@type\":\"ListItem\",\"position\":3,\"name\":\"Pelle display stand\"}]},{\"@type\":\"WebSite\",\"@id\":\"https:\/\/www.le-regal.eu\/#website\",\"url\":\"https:\/\/www.le-regal.eu\/\",\"name\":\"Le Regal\",\"description\":\"Des ustensiles en bois, au design unique et respectueux de l\u2019environnement pour partager des moments conviviaux de gourmandise fran\u00e7aise.\",\"publisher\":{\"@id\":\"https:\/\/www.le-regal.eu\/#organization\"},\"potentialAction\":[{\"@type\":\"SearchAction\",\"target\":{\"@type\":\"EntryPoint\",\"urlTemplate\":\"https:\/\/www.le-regal.eu\/?s={search_term_string}\"},\"query-input\":{\"@type\":\"PropertyValueSpecification\",\"valueRequired\":true,\"valueName\":\"search_term_string\"}}],\"inLanguage\":\"en-US\"},{\"@type\":\"Organization\",\"@id\":\"https:\/\/www.le-regal.eu\/#organization\",\"name\":\"Le R\u00e9gal\",\"url\":\"https:\/\/www.le-regal.eu\/\",\"logo\":{\"@type\":\"ImageObject\",\"inLanguage\":\"en-US\",\"@id\":\"https:\/\/www.le-regal.eu\/#\/schema\/logo\/image\/\",\"url\":\"https:\/\/www.le-regal.eu\/wp-content\/uploads\/2021\/02\/576-47c413ae1090e1.jpg\",\"contentUrl\":\"https:\/\/www.le-regal.eu\/wp-content\/uploads\/2021\/02\/576-47c413ae1090e1.jpg\",\"width\":316,\"height\":316,\"caption\":\"Le R\u00e9gal\"},\"image\":{\"@id\":\"https:\/\/www.le-regal.eu\/#\/schema\/logo\/image\/\"}}]}<\/script>\n<!-- \/ Yoast SEO plugin. -->","yoast_head_json":{"title":"Pelle display stand for Le R\u00e9gal chopping boards","description":"Arrange the Le R\u00e9gal chopping boards on this Pelle display stand in your kitchen or store and exhibit the collection in style","robots":{"index":"index","follow":"follow","max-snippet":"max-snippet:-1","max-image-preview":"max-image-preview:large","max-video-preview":"max-video-preview:-1"},"canonical":"https:\/\/www.le-regal.eu\/en\/produit\/pelle-display-stand\/","og_locale":"en_US","og_type":"article","og_title":"Pelle display stand for Le R\u00e9gal chopping boards","og_description":"Arrange the Le R\u00e9gal chopping boards on this Pelle display stand in your kitchen or store and exhibit the collection in style","og_url":"https:\/\/www.le-regal.eu\/en\/produit\/pelle-display-stand\/","og_site_name":"Le Regal","article_modified_time":"2019-01-17T10:15:15+00:00","twitter_card":"summary_large_image","schema":{"@context":"https:\/\/schema.org","@graph":[{"@type":"WebPage","@id":"https:\/\/www.le-regal.eu\/en\/produit\/pelle-display-stand\/","url":"https:\/\/www.le-regal.eu\/en\/produit\/pelle-display-stand\/","name":"Pelle display stand for Le R\u00e9gal chopping boards","isPartOf":{"@id":"https:\/\/www.le-regal.eu\/#website"},"primaryImageOfPage":{"@id":"https:\/\/www.le-regal.eu\/en\/produit\/pelle-display-stand\/#primaryimage"},"image":{"@id":"https:\/\/www.le-regal.eu\/en\/produit\/pelle-display-stand\/#primaryimage"},"thumbnailUrl":"https:\/\/www.le-regal.eu\/wp-content\/uploads\/2019\/01\/Le-Regal-2018-support_de_pelle.jpg","datePublished":"2018-01-07T21:43:23+00:00","dateModified":"2019-01-17T10:15:15+00:00","description":"Arrange the Le R\u00e9gal chopping boards on this Pelle display stand in your kitchen or store and exhibit the collection in style","breadcrumb":{"@id":"https:\/\/www.le-regal.eu\/en\/produit\/pelle-display-stand\/#breadcrumb"},"inLanguage":"en-US","potentialAction":[{"@type":"ReadAction","target":["https:\/\/www.le-regal.eu\/en\/produit\/pelle-display-stand\/"]}]},{"@type":"ImageObject","inLanguage":"en-US","@id":"https:\/\/www.le-regal.eu\/en\/produit\/pelle-display-stand\/#primaryimage","url":"https:\/\/www.le-regal.eu\/wp-content\/uploads\/2019\/01\/Le-Regal-2018-support_de_pelle.jpg","contentUrl":"https:\/\/www.le-regal.eu\/wp-content\/uploads\/2019\/01\/Le-Regal-2018-support_de_pelle.jpg","width":853,"height":1280,"caption":"Pr\u00e9sentoir pour planches ap\u00e9ro con\u00e7u pour les revendeurs de Le R\u00e9gal"},{"@type":"BreadcrumbList","@id":"https:\/\/www.le-regal.eu\/en\/produit\/pelle-display-stand\/#breadcrumb","itemListElement":[{"@type":"ListItem","position":1,"name":"Accueil","item":"https:\/\/www.le-regal.eu\/en\/"},{"@type":"ListItem","position":2,"name":"Produits","item":"https:\/\/www.le-regal.eu\/shop\/"},{"@type":"ListItem","position":3,"name":"Pelle display stand"}]},{"@type":"WebSite","@id":"https:\/\/www.le-regal.eu\/#website","url":"https:\/\/www.le-regal.eu\/","name":"Le Regal","description":"Des ustensiles en bois, au design unique et respectueux de l\u2019environnement pour partager des moments conviviaux de gourmandise fran\u00e7aise.","publisher":{"@id":"https:\/\/www.le-regal.eu\/#organization"},"potentialAction":[{"@type":"SearchAction","target":{"@type":"EntryPoint","urlTemplate":"https:\/\/www.le-regal.eu\/?s={search_term_string}"},"query-input":{"@type":"PropertyValueSpecification","valueRequired":true,"valueName":"search_term_string"}}],"inLanguage":"en-US"},{"@type":"Organization","@id":"https:\/\/www.le-regal.eu\/#organization","name":"Le R\u00e9gal","url":"https:\/\/www.le-regal.eu\/","logo":{"@type":"ImageObject","inLanguage":"en-US","@id":"https:\/\/www.le-regal.eu\/#\/schema\/logo\/image\/","url":"https:\/\/www.le-regal.eu\/wp-content\/uploads\/2021\/02\/576-47c413ae1090e1.jpg","contentUrl":"https:\/\/www.le-regal.eu\/wp-content\/uploads\/2021\/02\/576-47c413ae1090e1.jpg","width":316,"height":316,"caption":"Le R\u00e9gal"},"image":{"@id":"https:\/\/www.le-regal.eu\/#\/schema\/logo\/image\/"}}]}},"_links":{"self":[{"href":"https:\/\/www.le-regal.eu\/en\/wp-json\/wp\/v2\/product\/1012","targetHints":{"allow":["GET"]}}],"collection":[{"href":"https:\/\/www.le-regal.eu\/en\/wp-json\/wp\/v2\/product"}],"about":[{"href":"https:\/\/www.le-regal.eu\/en\/wp-json\/wp\/v2\/types\/product"}],"replies":[{"embeddable":true,"href":"https:\/\/www.le-regal.eu\/en\/wp-json\/wp\/v2\/comments?post=1012"}],"wp:featuredmedia":[{"embeddable":true,"href":"https:\/\/www.le-regal.eu\/en\/wp-json\/wp\/v2\/media\/635"}],"wp:attachment":[{"href":"https:\/\/www.le-regal.eu\/en\/wp-json\/wp\/v2\/media?parent=1012"}],"wp:term":[{"taxonomy":"product_brand","embeddable":true,"href":"https:\/\/www.le-regal.eu\/en\/wp-json\/wp\/v2\/product_brand?post=1012"},{"taxonomy":"product_cat","embeddable":true,"href":"https:\/\/www.le-regal.eu\/en\/wp-json\/wp\/v2\/product_cat?post=1012"},{"taxonomy":"product_tag","embeddable":true,"href":"https:\/\/www.le-regal.eu\/en\/wp-json\/wp\/v2\/product_tag?post=1012"}],"curies":[{"name":"wp","href":"https:\/\/api.w.org\/{rel}","templated":true}]}}