{"id":1019,"date":"2019-01-07T21:58:51","date_gmt":"2019-01-07T20:58:51","guid":{"rendered":"https:\/\/www.le-regal.eu\/produit\/pestle\/"},"modified":"2021-04-07T11:15:42","modified_gmt":"2021-04-07T09:15:42","slug":"pestle","status":"publish","type":"product","link":"https:\/\/www.le-regal.eu\/en\/produit\/pestle\/","title":{"rendered":"Pestle"},"content":{"rendered":"<p><em> &#8220;A shared love of food&#8230;&#8221;<\/em><\/p>\n<p>This uniquely designed pestle is perfectly suited to its use with the Germinal chopping board. However, something tells us that some people may wish to combine it with another LE REGAL product, which is why we made the decision to offer it separately from the board.<\/p>\n<p><strong>Sustainable Production<\/strong><\/p>\n<p>Le R\u00e9gal has adopted a sustainable development strategy that respects the entire forest-wood chain.<br \/>\nBy sourcing its raw materials locally, all Le R\u00e9gal woods are selected with the greatest care, in line with rigorous criteria in terms of quality, traceability and sustainable management of the French forest.<\/p>\n","protected":false},"excerpt":{"rendered":"<p>This pestle is an integral part of the Germinal chopping board, because of its design perfectly matching the shaping of the board or because of its use. However, something tells us that you may want to combine it with other LE REGAL products, which is why we offer it separately from its board. Each piece of the LE R\u00c9GAL collection is stamped with its vintage, specifying the origin of the wood and its year of manufacture.<\/p>\n<p>&nbsp;<\/p>\n<ul>\n<li>Pelle presentation board in French oak<\/li>\n<li>Vintage: indicating the year of manufacture and the origin of the wood <\/ li>\n<li>Treated with grapeseed oil<\/li>\n<li>Dimension 11.5 x 11 x 3cm<\/li>\n<\/ul>\n","protected":false},"featured_media":629,"comment_status":"open","ping_status":"closed","template":"","meta":{"_acf_changed":false,"_et_pb_use_builder":"off","_et_pb_old_content":"","_et_gb_content_width":"","_mo_disable_npp":""},"product_brand":[],"product_cat":[52],"product_tag":[],"class_list":{"0":"post-1019","1":"product","2":"type-product","3":"status-publish","4":"has-post-thumbnail","6":"product_cat-the-boards","7":"pif-has-gallery","9":"first","10":"instock","11":"taxable","12":"shipping-taxable","13":"purchasable","14":"product-type-simple"},"acf":[],"yoast_head":"<!-- This site is optimized with the Yoast SEO plugin v27.2 - https:\/\/yoast.com\/product\/yoast-seo-wordpress\/ -->\n<title>Wooden pestle in combination with the Le R\u00e9gal chopping board<\/title>\n<meta name=\"description\" content=\"This wooden pestle, designed by Bruno Lefebvre for the brand Le R\u00e9gal, is made of French oak. A sustainable development approach well worth discovering\" \/>\n<meta name=\"robots\" content=\"index, follow, max-snippet:-1, max-image-preview:large, max-video-preview:-1\" \/>\n<link rel=\"canonical\" href=\"https:\/\/www.le-regal.eu\/en\/produit\/pestle\/\" \/>\n<meta property=\"og:locale\" content=\"en_US\" \/>\n<meta property=\"og:type\" content=\"article\" \/>\n<meta property=\"og:title\" content=\"Wooden pestle in combination with the Le R\u00e9gal chopping board\" \/>\n<meta property=\"og:description\" content=\"This wooden pestle, designed by Bruno Lefebvre for the brand Le R\u00e9gal, is made of French oak. A sustainable development approach well worth discovering\" \/>\n<meta property=\"og:url\" content=\"https:\/\/www.le-regal.eu\/en\/produit\/pestle\/\" \/>\n<meta property=\"og:site_name\" content=\"Le Regal\" \/>\n<meta property=\"article:modified_time\" content=\"2021-04-07T09:15:42+00:00\" \/>\n<meta name=\"twitter:card\" content=\"summary_large_image\" \/>\n<meta name=\"twitter:label1\" content=\"Est. reading time\" \/>\n\t<meta name=\"twitter:data1\" content=\"1 minute\" \/>\n<script type=\"application\/ld+json\" class=\"yoast-schema-graph\">{\"@context\":\"https:\/\/schema.org\",\"@graph\":[{\"@type\":\"WebPage\",\"@id\":\"https:\/\/www.le-regal.eu\/en\/produit\/pestle\/\",\"url\":\"https:\/\/www.le-regal.eu\/en\/produit\/pestle\/\",\"name\":\"Wooden pestle in combination with the Le R\u00e9gal chopping board\",\"isPartOf\":{\"@id\":\"https:\/\/www.le-regal.eu\/#website\"},\"primaryImageOfPage\":{\"@id\":\"https:\/\/www.le-regal.eu\/en\/produit\/pestle\/#primaryimage\"},\"image\":{\"@id\":\"https:\/\/www.le-regal.eu\/en\/produit\/pestle\/#primaryimage\"},\"thumbnailUrl\":\"https:\/\/www.le-regal.eu\/wp-content\/uploads\/2019\/01\/Le-Regal-2018-pilon.jpg\",\"datePublished\":\"2019-01-07T20:58:51+00:00\",\"dateModified\":\"2021-04-07T09:15:42+00:00\",\"description\":\"This wooden pestle, designed by Bruno Lefebvre for the brand Le R\u00e9gal, is made of French oak. A sustainable development approach well worth discovering\",\"breadcrumb\":{\"@id\":\"https:\/\/www.le-regal.eu\/en\/produit\/pestle\/#breadcrumb\"},\"inLanguage\":\"en-US\",\"potentialAction\":[{\"@type\":\"ReadAction\",\"target\":[\"https:\/\/www.le-regal.eu\/en\/produit\/pestle\/\"]}]},{\"@type\":\"ImageObject\",\"inLanguage\":\"en-US\",\"@id\":\"https:\/\/www.le-regal.eu\/en\/produit\/pestle\/#primaryimage\",\"url\":\"https:\/\/www.le-regal.eu\/wp-content\/uploads\/2019\/01\/Le-Regal-2018-pilon.jpg\",\"contentUrl\":\"https:\/\/www.le-regal.eu\/wp-content\/uploads\/2019\/01\/Le-Regal-2018-pilon.jpg\",\"width\":853,\"height\":1280,\"caption\":\"Pilon design Le R\u00e9gal, associ\u00e9 \u00e0 la planche \u00e0 d\u00e9couper\"},{\"@type\":\"BreadcrumbList\",\"@id\":\"https:\/\/www.le-regal.eu\/en\/produit\/pestle\/#breadcrumb\",\"itemListElement\":[{\"@type\":\"ListItem\",\"position\":1,\"name\":\"Accueil\",\"item\":\"https:\/\/www.le-regal.eu\/en\/\"},{\"@type\":\"ListItem\",\"position\":2,\"name\":\"Produits\",\"item\":\"https:\/\/www.le-regal.eu\/shop\/\"},{\"@type\":\"ListItem\",\"position\":3,\"name\":\"Pestle\"}]},{\"@type\":\"WebSite\",\"@id\":\"https:\/\/www.le-regal.eu\/#website\",\"url\":\"https:\/\/www.le-regal.eu\/\",\"name\":\"Le Regal\",\"description\":\"Des ustensiles en bois, au design unique et respectueux de l\u2019environnement pour partager des moments conviviaux de gourmandise fran\u00e7aise.\",\"publisher\":{\"@id\":\"https:\/\/www.le-regal.eu\/#organization\"},\"potentialAction\":[{\"@type\":\"SearchAction\",\"target\":{\"@type\":\"EntryPoint\",\"urlTemplate\":\"https:\/\/www.le-regal.eu\/?s={search_term_string}\"},\"query-input\":{\"@type\":\"PropertyValueSpecification\",\"valueRequired\":true,\"valueName\":\"search_term_string\"}}],\"inLanguage\":\"en-US\"},{\"@type\":\"Organization\",\"@id\":\"https:\/\/www.le-regal.eu\/#organization\",\"name\":\"Le R\u00e9gal\",\"url\":\"https:\/\/www.le-regal.eu\/\",\"logo\":{\"@type\":\"ImageObject\",\"inLanguage\":\"en-US\",\"@id\":\"https:\/\/www.le-regal.eu\/#\/schema\/logo\/image\/\",\"url\":\"https:\/\/www.le-regal.eu\/wp-content\/uploads\/2021\/02\/576-47c413ae1090e1.jpg\",\"contentUrl\":\"https:\/\/www.le-regal.eu\/wp-content\/uploads\/2021\/02\/576-47c413ae1090e1.jpg\",\"width\":316,\"height\":316,\"caption\":\"Le R\u00e9gal\"},\"image\":{\"@id\":\"https:\/\/www.le-regal.eu\/#\/schema\/logo\/image\/\"}}]}<\/script>\n<!-- \/ Yoast SEO plugin. -->","yoast_head_json":{"title":"Wooden pestle in combination with the Le R\u00e9gal chopping board","description":"This wooden pestle, designed by Bruno Lefebvre for the brand Le R\u00e9gal, is made of French oak. A sustainable development approach well worth discovering","robots":{"index":"index","follow":"follow","max-snippet":"max-snippet:-1","max-image-preview":"max-image-preview:large","max-video-preview":"max-video-preview:-1"},"canonical":"https:\/\/www.le-regal.eu\/en\/produit\/pestle\/","og_locale":"en_US","og_type":"article","og_title":"Wooden pestle in combination with the Le R\u00e9gal chopping board","og_description":"This wooden pestle, designed by Bruno Lefebvre for the brand Le R\u00e9gal, is made of French oak. A sustainable development approach well worth discovering","og_url":"https:\/\/www.le-regal.eu\/en\/produit\/pestle\/","og_site_name":"Le Regal","article_modified_time":"2021-04-07T09:15:42+00:00","twitter_card":"summary_large_image","twitter_misc":{"Est. reading time":"1 minute"},"schema":{"@context":"https:\/\/schema.org","@graph":[{"@type":"WebPage","@id":"https:\/\/www.le-regal.eu\/en\/produit\/pestle\/","url":"https:\/\/www.le-regal.eu\/en\/produit\/pestle\/","name":"Wooden pestle in combination with the Le R\u00e9gal chopping board","isPartOf":{"@id":"https:\/\/www.le-regal.eu\/#website"},"primaryImageOfPage":{"@id":"https:\/\/www.le-regal.eu\/en\/produit\/pestle\/#primaryimage"},"image":{"@id":"https:\/\/www.le-regal.eu\/en\/produit\/pestle\/#primaryimage"},"thumbnailUrl":"https:\/\/www.le-regal.eu\/wp-content\/uploads\/2019\/01\/Le-Regal-2018-pilon.jpg","datePublished":"2019-01-07T20:58:51+00:00","dateModified":"2021-04-07T09:15:42+00:00","description":"This wooden pestle, designed by Bruno Lefebvre for the brand Le R\u00e9gal, is made of French oak. A sustainable development approach well worth discovering","breadcrumb":{"@id":"https:\/\/www.le-regal.eu\/en\/produit\/pestle\/#breadcrumb"},"inLanguage":"en-US","potentialAction":[{"@type":"ReadAction","target":["https:\/\/www.le-regal.eu\/en\/produit\/pestle\/"]}]},{"@type":"ImageObject","inLanguage":"en-US","@id":"https:\/\/www.le-regal.eu\/en\/produit\/pestle\/#primaryimage","url":"https:\/\/www.le-regal.eu\/wp-content\/uploads\/2019\/01\/Le-Regal-2018-pilon.jpg","contentUrl":"https:\/\/www.le-regal.eu\/wp-content\/uploads\/2019\/01\/Le-Regal-2018-pilon.jpg","width":853,"height":1280,"caption":"Pilon design Le R\u00e9gal, associ\u00e9 \u00e0 la planche \u00e0 d\u00e9couper"},{"@type":"BreadcrumbList","@id":"https:\/\/www.le-regal.eu\/en\/produit\/pestle\/#breadcrumb","itemListElement":[{"@type":"ListItem","position":1,"name":"Accueil","item":"https:\/\/www.le-regal.eu\/en\/"},{"@type":"ListItem","position":2,"name":"Produits","item":"https:\/\/www.le-regal.eu\/shop\/"},{"@type":"ListItem","position":3,"name":"Pestle"}]},{"@type":"WebSite","@id":"https:\/\/www.le-regal.eu\/#website","url":"https:\/\/www.le-regal.eu\/","name":"Le Regal","description":"Des ustensiles en bois, au design unique et respectueux de l\u2019environnement pour partager des moments conviviaux de gourmandise fran\u00e7aise.","publisher":{"@id":"https:\/\/www.le-regal.eu\/#organization"},"potentialAction":[{"@type":"SearchAction","target":{"@type":"EntryPoint","urlTemplate":"https:\/\/www.le-regal.eu\/?s={search_term_string}"},"query-input":{"@type":"PropertyValueSpecification","valueRequired":true,"valueName":"search_term_string"}}],"inLanguage":"en-US"},{"@type":"Organization","@id":"https:\/\/www.le-regal.eu\/#organization","name":"Le R\u00e9gal","url":"https:\/\/www.le-regal.eu\/","logo":{"@type":"ImageObject","inLanguage":"en-US","@id":"https:\/\/www.le-regal.eu\/#\/schema\/logo\/image\/","url":"https:\/\/www.le-regal.eu\/wp-content\/uploads\/2021\/02\/576-47c413ae1090e1.jpg","contentUrl":"https:\/\/www.le-regal.eu\/wp-content\/uploads\/2021\/02\/576-47c413ae1090e1.jpg","width":316,"height":316,"caption":"Le R\u00e9gal"},"image":{"@id":"https:\/\/www.le-regal.eu\/#\/schema\/logo\/image\/"}}]}},"_links":{"self":[{"href":"https:\/\/www.le-regal.eu\/en\/wp-json\/wp\/v2\/product\/1019","targetHints":{"allow":["GET"]}}],"collection":[{"href":"https:\/\/www.le-regal.eu\/en\/wp-json\/wp\/v2\/product"}],"about":[{"href":"https:\/\/www.le-regal.eu\/en\/wp-json\/wp\/v2\/types\/product"}],"replies":[{"embeddable":true,"href":"https:\/\/www.le-regal.eu\/en\/wp-json\/wp\/v2\/comments?post=1019"}],"wp:featuredmedia":[{"embeddable":true,"href":"https:\/\/www.le-regal.eu\/en\/wp-json\/wp\/v2\/media\/629"}],"wp:attachment":[{"href":"https:\/\/www.le-regal.eu\/en\/wp-json\/wp\/v2\/media?parent=1019"}],"wp:term":[{"taxonomy":"product_brand","embeddable":true,"href":"https:\/\/www.le-regal.eu\/en\/wp-json\/wp\/v2\/product_brand?post=1019"},{"taxonomy":"product_cat","embeddable":true,"href":"https:\/\/www.le-regal.eu\/en\/wp-json\/wp\/v2\/product_cat?post=1019"},{"taxonomy":"product_tag","embeddable":true,"href":"https:\/\/www.le-regal.eu\/en\/wp-json\/wp\/v2\/product_tag?post=1019"}],"curies":[{"name":"wp","href":"https:\/\/api.w.org\/{rel}","templated":true}]}}