{"id":2483,"date":"2021-04-14T13:00:40","date_gmt":"2021-04-14T11:00:40","guid":{"rendered":"https:\/\/www.le-regal.eu\/produit\/germinal-medium\/"},"modified":"2021-05-11T17:41:05","modified_gmt":"2021-05-11T15:41:05","slug":"french-wood-cutting-board-medium-germinal","status":"publish","type":"product","link":"https:\/\/www.le-regal.eu\/en\/produit\/french-wood-cutting-board-medium-germinal\/","title":{"rendered":"Medium Germinal"},"content":{"rendered":"<p><em>\u201cA shared love of food\u2026\u201d<\/em> The mere sight of these boards makes you want to roll up your sleeves and put on your apron. A technical accessory, with its pestle to spice up your meal with aromas of fresh basil, garlic, pine nuts, pepper, ginger or chili. A return to authentic tastes, subtly brought out by choice ingredients. A way to boost creativity, for shared foodie moments! Sustainable Production Le R\u00e9gal has adopted a sustainable development strategy that respects the entire forest-wood chain. By sourcing its raw materials locally, all Le R\u00e9gal woods are selected with the greatest care, in line with rigorous criteria in terms of quality, traceability and sustainable management of the French forest.<\/p>\n","protected":false},"excerpt":{"rendered":"<p>New in 2021<\/p>\n<p>Perfectly adapted for cutting, this board will fully adapt to your interior and accompany you in the preparation of your good dishes.<\/p>\n<p>Made of French oak, of intermediate size, its unique design will allow you to make your kitchen a place of exception.<\/p>\n<p>With this board all your culinary preparations will be a success. Each piece of the LE R\u00c9GAL collection is stamped in the manner of a vintage specifying the origin of the wood and its year of manufacture.<\/p>\n<p>&nbsp;<\/p>\n<ul>\n<li>French oak board<\/li>\n<li>Vintage: indicating the year of manufacture and the origin of the wood<\/li>\n<li>Treated with grape seed oil<\/li>\n<li>Dimension: 420x350x30<\/li>\n<li>Weight : 2kg<\/li>\n<\/ul>\n","protected":false},"featured_media":2207,"comment_status":"open","ping_status":"closed","template":"","meta":{"_acf_changed":false,"_et_pb_use_builder":"","_et_pb_old_content":"","_et_gb_content_width":"","_mo_disable_npp":""},"product_brand":[],"product_cat":[52],"product_tag":[],"class_list":{"0":"post-2483","1":"product","2":"type-product","3":"status-publish","4":"has-post-thumbnail","6":"product_cat-the-boards","7":"pif-has-gallery","9":"first","10":"outofstock","11":"taxable","12":"shipping-taxable","13":"purchasable","14":"product-type-simple"},"acf":[],"yoast_head":"<!-- This site is optimized with the Yoast SEO plugin v27.2 - https:\/\/yoast.com\/product\/yoast-seo-wordpress\/ -->\n<title>French Wood Cutting Board - Medium Germinal - Le Regal<\/title>\n<meta name=\"description\" content=\"Medium Germinal is a designer cutting board made in France from locally sourced oak. A unique and elegant design at your service in the kitchen !\" \/>\n<meta name=\"robots\" content=\"index, follow, max-snippet:-1, max-image-preview:large, max-video-preview:-1\" \/>\n<link rel=\"canonical\" href=\"https:\/\/www.le-regal.eu\/en\/produit\/french-wood-cutting-board-medium-germinal\/\" \/>\n<meta property=\"og:locale\" content=\"en_US\" \/>\n<meta property=\"og:type\" content=\"article\" \/>\n<meta property=\"og:title\" content=\"French Wood Cutting Board - Medium Germinal - Le Regal\" \/>\n<meta property=\"og:description\" content=\"Medium Germinal is a designer cutting board made in France from locally sourced oak. A unique and elegant design at your service in the kitchen !\" \/>\n<meta property=\"og:url\" content=\"https:\/\/www.le-regal.eu\/en\/produit\/french-wood-cutting-board-medium-germinal\/\" \/>\n<meta property=\"og:site_name\" content=\"Le Regal\" \/>\n<meta property=\"article:modified_time\" content=\"2021-05-11T15:41:05+00:00\" \/>\n<meta name=\"twitter:card\" content=\"summary_large_image\" \/>\n<meta name=\"twitter:label1\" content=\"Est. reading time\" \/>\n\t<meta name=\"twitter:data1\" content=\"1 minute\" \/>\n<script type=\"application\/ld+json\" class=\"yoast-schema-graph\">{\"@context\":\"https:\/\/schema.org\",\"@graph\":[{\"@type\":\"WebPage\",\"@id\":\"https:\/\/www.le-regal.eu\/en\/produit\/french-wood-cutting-board-medium-germinal\/\",\"url\":\"https:\/\/www.le-regal.eu\/en\/produit\/french-wood-cutting-board-medium-germinal\/\",\"name\":\"French Wood Cutting Board - Medium Germinal - Le Regal\",\"isPartOf\":{\"@id\":\"https:\/\/www.le-regal.eu\/#website\"},\"primaryImageOfPage\":{\"@id\":\"https:\/\/www.le-regal.eu\/en\/produit\/french-wood-cutting-board-medium-germinal\/#primaryimage\"},\"image\":{\"@id\":\"https:\/\/www.le-regal.eu\/en\/produit\/french-wood-cutting-board-medium-germinal\/#primaryimage\"},\"thumbnailUrl\":\"https:\/\/www.le-regal.eu\/wp-content\/uploads\/2021\/04\/Packshot-g.m\u00e9dium-de-haut-1.jpg\",\"datePublished\":\"2021-04-14T11:00:40+00:00\",\"dateModified\":\"2021-05-11T15:41:05+00:00\",\"description\":\"Medium Germinal is a designer cutting board made in France from locally sourced oak. A unique and elegant design at your service in the kitchen !\",\"breadcrumb\":{\"@id\":\"https:\/\/www.le-regal.eu\/en\/produit\/french-wood-cutting-board-medium-germinal\/#breadcrumb\"},\"inLanguage\":\"en-US\",\"potentialAction\":[{\"@type\":\"ReadAction\",\"target\":[\"https:\/\/www.le-regal.eu\/en\/produit\/french-wood-cutting-board-medium-germinal\/\"]}]},{\"@type\":\"ImageObject\",\"inLanguage\":\"en-US\",\"@id\":\"https:\/\/www.le-regal.eu\/en\/produit\/french-wood-cutting-board-medium-germinal\/#primaryimage\",\"url\":\"https:\/\/www.le-regal.eu\/wp-content\/uploads\/2021\/04\/Packshot-g.m\u00e9dium-de-haut-1.jpg\",\"contentUrl\":\"https:\/\/www.le-regal.eu\/wp-content\/uploads\/2021\/04\/Packshot-g.m\u00e9dium-de-haut-1.jpg\",\"width\":1066,\"height\":1600,\"caption\":\"germinal m\u00e9dium ambiance d\u00e9coupe\"},{\"@type\":\"BreadcrumbList\",\"@id\":\"https:\/\/www.le-regal.eu\/en\/produit\/french-wood-cutting-board-medium-germinal\/#breadcrumb\",\"itemListElement\":[{\"@type\":\"ListItem\",\"position\":1,\"name\":\"Accueil\",\"item\":\"https:\/\/www.le-regal.eu\/en\/\"},{\"@type\":\"ListItem\",\"position\":2,\"name\":\"Produits\",\"item\":\"https:\/\/www.le-regal.eu\/shop\/\"},{\"@type\":\"ListItem\",\"position\":3,\"name\":\"Medium Germinal\"}]},{\"@type\":\"WebSite\",\"@id\":\"https:\/\/www.le-regal.eu\/#website\",\"url\":\"https:\/\/www.le-regal.eu\/\",\"name\":\"Le Regal\",\"description\":\"Des ustensiles en bois, au design unique et respectueux de l\u2019environnement pour partager des moments conviviaux de gourmandise fran\u00e7aise.\",\"publisher\":{\"@id\":\"https:\/\/www.le-regal.eu\/#organization\"},\"potentialAction\":[{\"@type\":\"SearchAction\",\"target\":{\"@type\":\"EntryPoint\",\"urlTemplate\":\"https:\/\/www.le-regal.eu\/?s={search_term_string}\"},\"query-input\":{\"@type\":\"PropertyValueSpecification\",\"valueRequired\":true,\"valueName\":\"search_term_string\"}}],\"inLanguage\":\"en-US\"},{\"@type\":\"Organization\",\"@id\":\"https:\/\/www.le-regal.eu\/#organization\",\"name\":\"Le R\u00e9gal\",\"url\":\"https:\/\/www.le-regal.eu\/\",\"logo\":{\"@type\":\"ImageObject\",\"inLanguage\":\"en-US\",\"@id\":\"https:\/\/www.le-regal.eu\/#\/schema\/logo\/image\/\",\"url\":\"https:\/\/www.le-regal.eu\/wp-content\/uploads\/2021\/02\/576-47c413ae1090e1.jpg\",\"contentUrl\":\"https:\/\/www.le-regal.eu\/wp-content\/uploads\/2021\/02\/576-47c413ae1090e1.jpg\",\"width\":316,\"height\":316,\"caption\":\"Le R\u00e9gal\"},\"image\":{\"@id\":\"https:\/\/www.le-regal.eu\/#\/schema\/logo\/image\/\"}}]}<\/script>\n<!-- \/ Yoast SEO plugin. -->","yoast_head_json":{"title":"French Wood Cutting Board - Medium Germinal - Le Regal","description":"Medium Germinal is a designer cutting board made in France from locally sourced oak. A unique and elegant design at your service in the kitchen !","robots":{"index":"index","follow":"follow","max-snippet":"max-snippet:-1","max-image-preview":"max-image-preview:large","max-video-preview":"max-video-preview:-1"},"canonical":"https:\/\/www.le-regal.eu\/en\/produit\/french-wood-cutting-board-medium-germinal\/","og_locale":"en_US","og_type":"article","og_title":"French Wood Cutting Board - Medium Germinal - Le Regal","og_description":"Medium Germinal is a designer cutting board made in France from locally sourced oak. A unique and elegant design at your service in the kitchen !","og_url":"https:\/\/www.le-regal.eu\/en\/produit\/french-wood-cutting-board-medium-germinal\/","og_site_name":"Le Regal","article_modified_time":"2021-05-11T15:41:05+00:00","twitter_card":"summary_large_image","twitter_misc":{"Est. reading time":"1 minute"},"schema":{"@context":"https:\/\/schema.org","@graph":[{"@type":"WebPage","@id":"https:\/\/www.le-regal.eu\/en\/produit\/french-wood-cutting-board-medium-germinal\/","url":"https:\/\/www.le-regal.eu\/en\/produit\/french-wood-cutting-board-medium-germinal\/","name":"French Wood Cutting Board - Medium Germinal - Le Regal","isPartOf":{"@id":"https:\/\/www.le-regal.eu\/#website"},"primaryImageOfPage":{"@id":"https:\/\/www.le-regal.eu\/en\/produit\/french-wood-cutting-board-medium-germinal\/#primaryimage"},"image":{"@id":"https:\/\/www.le-regal.eu\/en\/produit\/french-wood-cutting-board-medium-germinal\/#primaryimage"},"thumbnailUrl":"https:\/\/www.le-regal.eu\/wp-content\/uploads\/2021\/04\/Packshot-g.m\u00e9dium-de-haut-1.jpg","datePublished":"2021-04-14T11:00:40+00:00","dateModified":"2021-05-11T15:41:05+00:00","description":"Medium Germinal is a designer cutting board made in France from locally sourced oak. A unique and elegant design at your service in the kitchen !","breadcrumb":{"@id":"https:\/\/www.le-regal.eu\/en\/produit\/french-wood-cutting-board-medium-germinal\/#breadcrumb"},"inLanguage":"en-US","potentialAction":[{"@type":"ReadAction","target":["https:\/\/www.le-regal.eu\/en\/produit\/french-wood-cutting-board-medium-germinal\/"]}]},{"@type":"ImageObject","inLanguage":"en-US","@id":"https:\/\/www.le-regal.eu\/en\/produit\/french-wood-cutting-board-medium-germinal\/#primaryimage","url":"https:\/\/www.le-regal.eu\/wp-content\/uploads\/2021\/04\/Packshot-g.m\u00e9dium-de-haut-1.jpg","contentUrl":"https:\/\/www.le-regal.eu\/wp-content\/uploads\/2021\/04\/Packshot-g.m\u00e9dium-de-haut-1.jpg","width":1066,"height":1600,"caption":"germinal m\u00e9dium ambiance d\u00e9coupe"},{"@type":"BreadcrumbList","@id":"https:\/\/www.le-regal.eu\/en\/produit\/french-wood-cutting-board-medium-germinal\/#breadcrumb","itemListElement":[{"@type":"ListItem","position":1,"name":"Accueil","item":"https:\/\/www.le-regal.eu\/en\/"},{"@type":"ListItem","position":2,"name":"Produits","item":"https:\/\/www.le-regal.eu\/shop\/"},{"@type":"ListItem","position":3,"name":"Medium Germinal"}]},{"@type":"WebSite","@id":"https:\/\/www.le-regal.eu\/#website","url":"https:\/\/www.le-regal.eu\/","name":"Le Regal","description":"Des ustensiles en bois, au design unique et respectueux de l\u2019environnement pour partager des moments conviviaux de gourmandise fran\u00e7aise.","publisher":{"@id":"https:\/\/www.le-regal.eu\/#organization"},"potentialAction":[{"@type":"SearchAction","target":{"@type":"EntryPoint","urlTemplate":"https:\/\/www.le-regal.eu\/?s={search_term_string}"},"query-input":{"@type":"PropertyValueSpecification","valueRequired":true,"valueName":"search_term_string"}}],"inLanguage":"en-US"},{"@type":"Organization","@id":"https:\/\/www.le-regal.eu\/#organization","name":"Le R\u00e9gal","url":"https:\/\/www.le-regal.eu\/","logo":{"@type":"ImageObject","inLanguage":"en-US","@id":"https:\/\/www.le-regal.eu\/#\/schema\/logo\/image\/","url":"https:\/\/www.le-regal.eu\/wp-content\/uploads\/2021\/02\/576-47c413ae1090e1.jpg","contentUrl":"https:\/\/www.le-regal.eu\/wp-content\/uploads\/2021\/02\/576-47c413ae1090e1.jpg","width":316,"height":316,"caption":"Le R\u00e9gal"},"image":{"@id":"https:\/\/www.le-regal.eu\/#\/schema\/logo\/image\/"}}]}},"_links":{"self":[{"href":"https:\/\/www.le-regal.eu\/en\/wp-json\/wp\/v2\/product\/2483","targetHints":{"allow":["GET"]}}],"collection":[{"href":"https:\/\/www.le-regal.eu\/en\/wp-json\/wp\/v2\/product"}],"about":[{"href":"https:\/\/www.le-regal.eu\/en\/wp-json\/wp\/v2\/types\/product"}],"replies":[{"embeddable":true,"href":"https:\/\/www.le-regal.eu\/en\/wp-json\/wp\/v2\/comments?post=2483"}],"wp:featuredmedia":[{"embeddable":true,"href":"https:\/\/www.le-regal.eu\/en\/wp-json\/wp\/v2\/media\/2207"}],"wp:attachment":[{"href":"https:\/\/www.le-regal.eu\/en\/wp-json\/wp\/v2\/media?parent=2483"}],"wp:term":[{"taxonomy":"product_brand","embeddable":true,"href":"https:\/\/www.le-regal.eu\/en\/wp-json\/wp\/v2\/product_brand?post=2483"},{"taxonomy":"product_cat","embeddable":true,"href":"https:\/\/www.le-regal.eu\/en\/wp-json\/wp\/v2\/product_cat?post=2483"},{"taxonomy":"product_tag","embeddable":true,"href":"https:\/\/www.le-regal.eu\/en\/wp-json\/wp\/v2\/product_tag?post=2483"}],"curies":[{"name":"wp","href":"https:\/\/api.w.org\/{rel}","templated":true}]}}