{"id":999,"date":"2019-01-07T14:12:57","date_gmt":"2019-01-17T09:57:30","guid":{"rendered":"https:\/\/www.le-regal.eu\/produit\/midi-pelle-presentation-board\/"},"modified":"2021-04-29T12:45:11","modified_gmt":"2021-04-29T10:45:11","slug":"midi-pelle-french-wood-serving-board","status":"publish","type":"product","link":"https:\/\/www.le-regal.eu\/en\/produit\/midi-pelle-french-wood-serving-board\/","title":{"rendered":"Midi Pelle"},"content":{"rendered":"<p>&#8220;A shared love of food&#8230;&#8221;<br \/>\nPresentation board in French oak. Designed as the perfect showcase for lovingly prepared produce. Dubbed \u2018Pelle\u2019 in reference to the grain scoops that inspired the design, these boards have one mission: to set off your culinary creations!<br \/>\nNo matter the time of day, the Midi Pelle presentation board is the perfect utensil to turn your shared love of food into memorable moments.<\/p>\n<p><strong>Sustainable Production<\/strong><br \/>\nLe R\u00e9gal has adopted a sustainable development strategy that respects the entire forest-wood chain.<\/p>\n<p>By sourcing its raw materials locally, all Le R\u00e9gal woods are selected with the greatest care, in line with rigorous criteria in terms of quality, traceability and sustainable management of the French forest.<\/p>\n","protected":false},"excerpt":{"rendered":"<p>The Midi Pelle presentation board is the perfect intermediary between the Large Pelle and the Small Pelle. It is an appetizer board suitable for foodie moments in a small group. Each piece of the LE R\u00c9GAL collection is stamped with its vintage, specifying the origin of the wood and its year of manufacture.<\/p>\n<ul>\n<li>Pelle presentation board in French oak<\/li>\n<li>Vintage: indicating the year of manufacture and the origin of the wood<\/li>\n<li>Treated with grapeseed oil<\/li>\n<li>Suitable for 4 people<\/li>\n<li>Dimensions: 48x18x2cm<\/li>\n<li>Weight: 550g<\/li>\n<\/ul>\n<p>&nbsp;<\/p>\n<p>&nbsp;<\/p>\n","protected":false},"featured_media":612,"comment_status":"open","ping_status":"closed","template":"","meta":{"_acf_changed":false,"_et_pb_use_builder":"","_et_pb_old_content":"","_et_gb_content_width":"","_mo_disable_npp":""},"product_brand":[],"product_cat":[50],"product_tag":[],"class_list":{"0":"post-999","1":"product","2":"type-product","3":"status-publish","4":"has-post-thumbnail","6":"product_cat-the-pelles","7":"pif-has-gallery","9":"first","10":"instock","11":"taxable","12":"shipping-taxable","13":"purchasable","14":"product-type-simple"},"acf":[],"yoast_head":"<!-- This site is optimized with the Yoast SEO plugin v27.2 - https:\/\/yoast.com\/product\/yoast-seo-wordpress\/ -->\n<title>French Wood Serving Board - Midi Pelle | Le R\u00e9gal<\/title>\n<meta name=\"description\" content=\"The serving board for food lovers in French oak. A simple and subtle way of serving dishes prepared with passion! Sharing the love of food with Le R\u00e9gal.\" \/>\n<meta name=\"robots\" content=\"index, follow, max-snippet:-1, max-image-preview:large, max-video-preview:-1\" \/>\n<link rel=\"canonical\" href=\"https:\/\/www.le-regal.eu\/en\/produit\/midi-pelle-french-wood-serving-board\/\" \/>\n<meta property=\"og:locale\" content=\"en_US\" \/>\n<meta property=\"og:type\" content=\"article\" \/>\n<meta property=\"og:title\" content=\"French Wood Serving Board - Midi Pelle | Le R\u00e9gal\" \/>\n<meta property=\"og:description\" content=\"The serving board for food lovers in French oak. A simple and subtle way of serving dishes prepared with passion! Sharing the love of food with Le R\u00e9gal.\" \/>\n<meta property=\"og:url\" content=\"https:\/\/www.le-regal.eu\/en\/produit\/midi-pelle-french-wood-serving-board\/\" \/>\n<meta property=\"og:site_name\" content=\"Le Regal\" \/>\n<meta property=\"article:modified_time\" content=\"2021-04-29T10:45:11+00:00\" \/>\n<meta property=\"og:image\" content=\"https:\/\/www.le-regal.eu\/wp-content\/uploads\/2019\/01\/Le-Regal-2018-pelle_midi.jpg\" \/>\n\t<meta property=\"og:image:width\" content=\"853\" \/>\n\t<meta property=\"og:image:height\" content=\"1280\" \/>\n\t<meta property=\"og:image:type\" content=\"image\/jpeg\" \/>\n<meta name=\"twitter:card\" content=\"summary_large_image\" \/>\n<meta name=\"twitter:label1\" content=\"Est. reading time\" \/>\n\t<meta name=\"twitter:data1\" content=\"1 minute\" \/>\n<script type=\"application\/ld+json\" class=\"yoast-schema-graph\">{\"@context\":\"https:\/\/schema.org\",\"@graph\":[{\"@type\":\"WebPage\",\"@id\":\"https:\/\/www.le-regal.eu\/en\/produit\/midi-pelle-french-wood-serving-board\/\",\"url\":\"https:\/\/www.le-regal.eu\/en\/produit\/midi-pelle-french-wood-serving-board\/\",\"name\":\"French Wood Serving Board - Midi Pelle | Le R\u00e9gal\",\"isPartOf\":{\"@id\":\"https:\/\/www.le-regal.eu\/#website\"},\"primaryImageOfPage\":{\"@id\":\"https:\/\/www.le-regal.eu\/en\/produit\/midi-pelle-french-wood-serving-board\/#primaryimage\"},\"image\":{\"@id\":\"https:\/\/www.le-regal.eu\/en\/produit\/midi-pelle-french-wood-serving-board\/#primaryimage\"},\"thumbnailUrl\":\"https:\/\/www.le-regal.eu\/wp-content\/uploads\/2019\/01\/Le-Regal-2018-pelle_midi.jpg\",\"datePublished\":\"2019-01-17T09:57:30+00:00\",\"dateModified\":\"2021-04-29T10:45:11+00:00\",\"description\":\"The serving board for food lovers in French oak. A simple and subtle way of serving dishes prepared with passion! Sharing the love of food with Le R\u00e9gal.\",\"breadcrumb\":{\"@id\":\"https:\/\/www.le-regal.eu\/en\/produit\/midi-pelle-french-wood-serving-board\/#breadcrumb\"},\"inLanguage\":\"en-US\",\"potentialAction\":[{\"@type\":\"ReadAction\",\"target\":[\"https:\/\/www.le-regal.eu\/en\/produit\/midi-pelle-french-wood-serving-board\/\"]}]},{\"@type\":\"ImageObject\",\"inLanguage\":\"en-US\",\"@id\":\"https:\/\/www.le-regal.eu\/en\/produit\/midi-pelle-french-wood-serving-board\/#primaryimage\",\"url\":\"https:\/\/www.le-regal.eu\/wp-content\/uploads\/2019\/01\/Le-Regal-2018-pelle_midi.jpg\",\"contentUrl\":\"https:\/\/www.le-regal.eu\/wp-content\/uploads\/2019\/01\/Le-Regal-2018-pelle_midi.jpg\",\"width\":853,\"height\":1280,\"caption\":\"Pelle \u00e0 partager Le R\u00e9gal, planches \u00e0 partager pour l'ap\u00e9ritif design\"},{\"@type\":\"BreadcrumbList\",\"@id\":\"https:\/\/www.le-regal.eu\/en\/produit\/midi-pelle-french-wood-serving-board\/#breadcrumb\",\"itemListElement\":[{\"@type\":\"ListItem\",\"position\":1,\"name\":\"Accueil\",\"item\":\"https:\/\/www.le-regal.eu\/en\/\"},{\"@type\":\"ListItem\",\"position\":2,\"name\":\"Produits\",\"item\":\"https:\/\/www.le-regal.eu\/shop\/\"},{\"@type\":\"ListItem\",\"position\":3,\"name\":\"Midi Pelle\"}]},{\"@type\":\"WebSite\",\"@id\":\"https:\/\/www.le-regal.eu\/#website\",\"url\":\"https:\/\/www.le-regal.eu\/\",\"name\":\"Le Regal\",\"description\":\"Des ustensiles en bois, au design unique et respectueux de l\u2019environnement pour partager des moments conviviaux de gourmandise fran\u00e7aise.\",\"publisher\":{\"@id\":\"https:\/\/www.le-regal.eu\/#organization\"},\"potentialAction\":[{\"@type\":\"SearchAction\",\"target\":{\"@type\":\"EntryPoint\",\"urlTemplate\":\"https:\/\/www.le-regal.eu\/?s={search_term_string}\"},\"query-input\":{\"@type\":\"PropertyValueSpecification\",\"valueRequired\":true,\"valueName\":\"search_term_string\"}}],\"inLanguage\":\"en-US\"},{\"@type\":\"Organization\",\"@id\":\"https:\/\/www.le-regal.eu\/#organization\",\"name\":\"Le R\u00e9gal\",\"url\":\"https:\/\/www.le-regal.eu\/\",\"logo\":{\"@type\":\"ImageObject\",\"inLanguage\":\"en-US\",\"@id\":\"https:\/\/www.le-regal.eu\/#\/schema\/logo\/image\/\",\"url\":\"https:\/\/www.le-regal.eu\/wp-content\/uploads\/2021\/02\/576-47c413ae1090e1.jpg\",\"contentUrl\":\"https:\/\/www.le-regal.eu\/wp-content\/uploads\/2021\/02\/576-47c413ae1090e1.jpg\",\"width\":316,\"height\":316,\"caption\":\"Le R\u00e9gal\"},\"image\":{\"@id\":\"https:\/\/www.le-regal.eu\/#\/schema\/logo\/image\/\"}}]}<\/script>\n<!-- \/ Yoast SEO plugin. -->","yoast_head_json":{"title":"French Wood Serving Board - Midi Pelle | Le R\u00e9gal","description":"The serving board for food lovers in French oak. A simple and subtle way of serving dishes prepared with passion! Sharing the love of food with Le R\u00e9gal.","robots":{"index":"index","follow":"follow","max-snippet":"max-snippet:-1","max-image-preview":"max-image-preview:large","max-video-preview":"max-video-preview:-1"},"canonical":"https:\/\/www.le-regal.eu\/en\/produit\/midi-pelle-french-wood-serving-board\/","og_locale":"en_US","og_type":"article","og_title":"French Wood Serving Board - Midi Pelle | Le R\u00e9gal","og_description":"The serving board for food lovers in French oak. A simple and subtle way of serving dishes prepared with passion! Sharing the love of food with Le R\u00e9gal.","og_url":"https:\/\/www.le-regal.eu\/en\/produit\/midi-pelle-french-wood-serving-board\/","og_site_name":"Le Regal","article_modified_time":"2021-04-29T10:45:11+00:00","og_image":[{"width":853,"height":1280,"url":"https:\/\/www.le-regal.eu\/wp-content\/uploads\/2019\/01\/Le-Regal-2018-pelle_midi.jpg","type":"image\/jpeg"}],"twitter_card":"summary_large_image","twitter_misc":{"Est. reading time":"1 minute"},"schema":{"@context":"https:\/\/schema.org","@graph":[{"@type":"WebPage","@id":"https:\/\/www.le-regal.eu\/en\/produit\/midi-pelle-french-wood-serving-board\/","url":"https:\/\/www.le-regal.eu\/en\/produit\/midi-pelle-french-wood-serving-board\/","name":"French Wood Serving Board - Midi Pelle | Le R\u00e9gal","isPartOf":{"@id":"https:\/\/www.le-regal.eu\/#website"},"primaryImageOfPage":{"@id":"https:\/\/www.le-regal.eu\/en\/produit\/midi-pelle-french-wood-serving-board\/#primaryimage"},"image":{"@id":"https:\/\/www.le-regal.eu\/en\/produit\/midi-pelle-french-wood-serving-board\/#primaryimage"},"thumbnailUrl":"https:\/\/www.le-regal.eu\/wp-content\/uploads\/2019\/01\/Le-Regal-2018-pelle_midi.jpg","datePublished":"2019-01-17T09:57:30+00:00","dateModified":"2021-04-29T10:45:11+00:00","description":"The serving board for food lovers in French oak. A simple and subtle way of serving dishes prepared with passion! Sharing the love of food with Le R\u00e9gal.","breadcrumb":{"@id":"https:\/\/www.le-regal.eu\/en\/produit\/midi-pelle-french-wood-serving-board\/#breadcrumb"},"inLanguage":"en-US","potentialAction":[{"@type":"ReadAction","target":["https:\/\/www.le-regal.eu\/en\/produit\/midi-pelle-french-wood-serving-board\/"]}]},{"@type":"ImageObject","inLanguage":"en-US","@id":"https:\/\/www.le-regal.eu\/en\/produit\/midi-pelle-french-wood-serving-board\/#primaryimage","url":"https:\/\/www.le-regal.eu\/wp-content\/uploads\/2019\/01\/Le-Regal-2018-pelle_midi.jpg","contentUrl":"https:\/\/www.le-regal.eu\/wp-content\/uploads\/2019\/01\/Le-Regal-2018-pelle_midi.jpg","width":853,"height":1280,"caption":"Pelle \u00e0 partager Le R\u00e9gal, planches \u00e0 partager pour l'ap\u00e9ritif design"},{"@type":"BreadcrumbList","@id":"https:\/\/www.le-regal.eu\/en\/produit\/midi-pelle-french-wood-serving-board\/#breadcrumb","itemListElement":[{"@type":"ListItem","position":1,"name":"Accueil","item":"https:\/\/www.le-regal.eu\/en\/"},{"@type":"ListItem","position":2,"name":"Produits","item":"https:\/\/www.le-regal.eu\/shop\/"},{"@type":"ListItem","position":3,"name":"Midi Pelle"}]},{"@type":"WebSite","@id":"https:\/\/www.le-regal.eu\/#website","url":"https:\/\/www.le-regal.eu\/","name":"Le Regal","description":"Des ustensiles en bois, au design unique et respectueux de l\u2019environnement pour partager des moments conviviaux de gourmandise fran\u00e7aise.","publisher":{"@id":"https:\/\/www.le-regal.eu\/#organization"},"potentialAction":[{"@type":"SearchAction","target":{"@type":"EntryPoint","urlTemplate":"https:\/\/www.le-regal.eu\/?s={search_term_string}"},"query-input":{"@type":"PropertyValueSpecification","valueRequired":true,"valueName":"search_term_string"}}],"inLanguage":"en-US"},{"@type":"Organization","@id":"https:\/\/www.le-regal.eu\/#organization","name":"Le R\u00e9gal","url":"https:\/\/www.le-regal.eu\/","logo":{"@type":"ImageObject","inLanguage":"en-US","@id":"https:\/\/www.le-regal.eu\/#\/schema\/logo\/image\/","url":"https:\/\/www.le-regal.eu\/wp-content\/uploads\/2021\/02\/576-47c413ae1090e1.jpg","contentUrl":"https:\/\/www.le-regal.eu\/wp-content\/uploads\/2021\/02\/576-47c413ae1090e1.jpg","width":316,"height":316,"caption":"Le R\u00e9gal"},"image":{"@id":"https:\/\/www.le-regal.eu\/#\/schema\/logo\/image\/"}}]}},"_links":{"self":[{"href":"https:\/\/www.le-regal.eu\/en\/wp-json\/wp\/v2\/product\/999","targetHints":{"allow":["GET"]}}],"collection":[{"href":"https:\/\/www.le-regal.eu\/en\/wp-json\/wp\/v2\/product"}],"about":[{"href":"https:\/\/www.le-regal.eu\/en\/wp-json\/wp\/v2\/types\/product"}],"replies":[{"embeddable":true,"href":"https:\/\/www.le-regal.eu\/en\/wp-json\/wp\/v2\/comments?post=999"}],"wp:featuredmedia":[{"embeddable":true,"href":"https:\/\/www.le-regal.eu\/en\/wp-json\/wp\/v2\/media\/612"}],"wp:attachment":[{"href":"https:\/\/www.le-regal.eu\/en\/wp-json\/wp\/v2\/media?parent=999"}],"wp:term":[{"taxonomy":"product_brand","embeddable":true,"href":"https:\/\/www.le-regal.eu\/en\/wp-json\/wp\/v2\/product_brand?post=999"},{"taxonomy":"product_cat","embeddable":true,"href":"https:\/\/www.le-regal.eu\/en\/wp-json\/wp\/v2\/product_cat?post=999"},{"taxonomy":"product_tag","embeddable":true,"href":"https:\/\/www.le-regal.eu\/en\/wp-json\/wp\/v2\/product_tag?post=999"}],"curies":[{"name":"wp","href":"https:\/\/api.w.org\/{rel}","templated":true}]}}